{"id":5080,"date":"2023-05-23T12:16:34","date_gmt":"2023-05-23T09:16:34","guid":{"rendered":"https:\/\/investors.fortacogroup.com\/joukkovelkakirjalaina\/"},"modified":"2025-05-07T18:51:21","modified_gmt":"2025-05-07T15:51:21","slug":"fi-bond","status":"publish","type":"page","link":"https:\/\/investors.fortacogroup.com\/fi\/fi-bond\/","title":{"rendered":"Joukkovelkakirjalaina"},"content":{"rendered":"<style>.kb-row-layout-id5073_01d559-35 > .kt-row-column-wrap{align-content:start;}:where(.kb-row-layout-id5073_01d559-35 > .kt-row-column-wrap) > .wp-block-kadence-column{justify-content:start;}.kb-row-layout-id5073_01d559-35 > .kt-row-column-wrap{column-gap:var(--global-kb-gap-md, 2rem);row-gap:var(--global-kb-gap-md, 2rem);max-width:var( --global-content-width, 1200px );padding-left:var(--global-content-edge-padding);padding-right:var(--global-content-edge-padding);padding-top:95px;padding-bottom:95px;grid-template-columns:minmax(0, 1fr);}.kb-row-layout-id5073_01d559-35{background-image:url('https:\/\/investors.fortacogroup.com\/wp-content\/uploads\/2023\/04\/fortaco-invest-sisaltokuva-2.jpg');background-size:cover;background-position:center center;background-attachment:scroll;background-repeat:no-repeat;}.kb-row-layout-id5073_01d559-35 > .kt-row-layout-overlay{opacity:0.30;}@media all and (max-width: 1024px){.kb-row-layout-id5073_01d559-35 > .kt-row-column-wrap{padding-top:95px;padding-bottom:95px;grid-template-columns:minmax(0, 1fr);}}@media all and (max-width: 767px){.kb-row-layout-id5073_01d559-35 > .kt-row-column-wrap{padding-top:50px;padding-bottom:50px;grid-template-columns:minmax(0, 1fr);}}<\/style><div class=\"kb-row-layout-wrap kb-row-layout-id5073_01d559-35 alignfull kt-row-has-bg wp-block-kadence-rowlayout\"><div class=\"kt-row-column-wrap kt-has-1-columns kt-row-layout-equal kt-tab-layout-inherit kt-mobile-layout-row kt-row-valign-top kb-theme-content-width\">\n<style>.kadence-column5073_799bae-df > .kt-inside-inner-col,.kadence-column5073_799bae-df > .kt-inside-inner-col:before{border-top-left-radius:0px;border-top-right-radius:0px;border-bottom-right-radius:0px;border-bottom-left-radius:0px;}.kadence-column5073_799bae-df > .kt-inside-inner-col{column-gap:var(--global-kb-gap-sm, 1rem);}.kadence-column5073_799bae-df > .kt-inside-inner-col{flex-direction:column;}.kadence-column5073_799bae-df > .kt-inside-inner-col > .aligncenter{width:100%;}.kadence-column5073_799bae-df > .kt-inside-inner-col:before{opacity:0.3;}.kadence-column5073_799bae-df{position:relative;}@media all and (max-width: 1024px){.kadence-column5073_799bae-df > .kt-inside-inner-col{flex-direction:column;justify-content:center;}}@media all and (max-width: 767px){.kadence-column5073_799bae-df > .kt-inside-inner-col{flex-direction:column;justify-content:center;}}<\/style>\n<div class=\"wp-block-kadence-column kadence-column5073_799bae-df\"><div class=\"kt-inside-inner-col\"><style>.wp-block-kadence-advancedheading.kt-adv-heading5073_e2dede-d9, .wp-block-kadence-advancedheading.kt-adv-heading5073_e2dede-d9[data-kb-block=\"kb-adv-heading5073_e2dede-d9\"]{font-style:normal;}.wp-block-kadence-advancedheading.kt-adv-heading5073_e2dede-d9 mark.kt-highlight, .wp-block-kadence-advancedheading.kt-adv-heading5073_e2dede-d9[data-kb-block=\"kb-adv-heading5073_e2dede-d9\"] mark.kt-highlight{font-style:normal;color:#f76a0c;-webkit-box-decoration-break:clone;box-decoration-break:clone;padding-top:0px;padding-right:0px;padding-bottom:0px;padding-left:0px;}.wp-block-kadence-advancedheading.kt-adv-heading5073_e2dede-d9 img.kb-inline-image, .wp-block-kadence-advancedheading.kt-adv-heading5073_e2dede-d9[data-kb-block=\"kb-adv-heading5073_e2dede-d9\"] img.kb-inline-image{width:150px;vertical-align:baseline;}<\/style>\n<h1 class=\"kt-adv-heading5073_e2dede-d9 wp-block-kadence-advancedheading\" data-kb-block=\"kb-adv-heading5073_e2dede-d9\">Joukkovelkakirjalaina<\/h1>\n<\/div><\/div>\n\n<\/div><\/div><style>.kadence-column5073_c7daac-03 > .kt-inside-inner-col{padding-top:110px;padding-bottom:120px;}.kadence-column5073_c7daac-03 > .kt-inside-inner-col,.kadence-column5073_c7daac-03 > .kt-inside-inner-col:before{border-top-left-radius:0px;border-top-right-radius:0px;border-bottom-right-radius:0px;border-bottom-left-radius:0px;}.kadence-column5073_c7daac-03 > .kt-inside-inner-col{column-gap:var(--global-kb-gap-sm, 1rem);}.kadence-column5073_c7daac-03 > .kt-inside-inner-col{flex-direction:column;}.kadence-column5073_c7daac-03 > .kt-inside-inner-col > .aligncenter{width:100%;}.kadence-column5073_c7daac-03 > .kt-inside-inner-col:before{opacity:0.3;}.kadence-column5073_c7daac-03{position:relative;}@media all and (max-width: 1024px){.kadence-column5073_c7daac-03 > .kt-inside-inner-col{flex-direction:column;justify-content:center;}}@media all and (max-width: 767px){.kadence-column5073_c7daac-03 > .kt-inside-inner-col{padding-top:50px;padding-bottom:30px;flex-direction:column;justify-content:center;}}<\/style>\n<div class=\"wp-block-kadence-column kadence-column5073_c7daac-03\"><div class=\"kt-inside-inner-col\"><style>.wp-block-kadence-advancedheading.kt-adv-heading5073_0b2948-87, .wp-block-kadence-advancedheading.kt-adv-heading5073_0b2948-87[data-kb-block=\"kb-adv-heading5073_0b2948-87\"]{margin-bottom:15px;font-style:normal;}.wp-block-kadence-advancedheading.kt-adv-heading5073_0b2948-87 mark.kt-highlight, .wp-block-kadence-advancedheading.kt-adv-heading5073_0b2948-87[data-kb-block=\"kb-adv-heading5073_0b2948-87\"] mark.kt-highlight{font-style:normal;color:#f76a0c;-webkit-box-decoration-break:clone;box-decoration-break:clone;padding-top:0px;padding-right:0px;padding-bottom:0px;padding-left:0px;}.wp-block-kadence-advancedheading.kt-adv-heading5073_0b2948-87 img.kb-inline-image, .wp-block-kadence-advancedheading.kt-adv-heading5073_0b2948-87[data-kb-block=\"kb-adv-heading5073_0b2948-87\"] img.kb-inline-image{width:150px;vertical-align:baseline;}@media all and (max-width: 1024px){.wp-block-kadence-advancedheading.kt-adv-heading5073_0b2948-87, .wp-block-kadence-advancedheading.kt-adv-heading5073_0b2948-87[data-kb-block=\"kb-adv-heading5073_0b2948-87\"]{margin-bottom:45px;}}@media all and (max-width: 767px){.wp-block-kadence-advancedheading.kt-adv-heading5073_0b2948-87, .wp-block-kadence-advancedheading.kt-adv-heading5073_0b2948-87[data-kb-block=\"kb-adv-heading5073_0b2948-87\"]{padding-top:0px;margin-bottom:15px;}}<\/style>\n<h2 class=\"kt-adv-heading5073_0b2948-87 wp-block-kadence-advancedheading\" data-kb-block=\"kb-adv-heading5073_0b2948-87\">Tietoa Fortaco Group Holdco Oyj:n joukkovelkakirjalainasta <\/h2>\n\n\n\n<p>Fortaco Group Holdco Oyj (\u201c<strong>Yhti\u00f6<\/strong>\u201c) on 22.7.2022 laskenut liikkeeseen 75 miljoonan euron suuruisen vakuudellisen joukkovelkakirjalainan (\u201c<strong>Joukkovelkakirjalaina<\/strong>\u201c). Finanssivalvonta on 23.5.2023 hyv\u00e4ksynyt Joukkovelkakirjalainan listalleottoesitteen ja se on saatavilla englanninkielisen\u00e4 t\u00e4lt\u00e4 sivustolta. Listalleottoesitteen tiivistelm\u00e4 on k\u00e4\u00e4nnetty suomen kielelle.   <\/p>\n\n\n\n<p>Yhti\u00f6 on lis\u00e4ksi 3.7.2023 laskenut liikkeeseen 27,5 miljoonan euron m\u00e4\u00e4r\u00e4st\u00e4 lis\u00e4\u00e4 velkakirjoja Joukkovelkakirjalainan ehtojen puitteissa (\u201c<strong>Ensimm\u00e4iset<\/strong> <strong>Lis\u00e4velkakirjat<\/strong>\u201c). Finanssivalvonta on 23.8.2023 hyv\u00e4ksynyt Ensimm\u00e4isten Lis\u00e4velkakirjojen listalleottoesitteen ja se on saatavilla englanninkielisen\u00e4 t\u00e4lt\u00e4 sivustolta.  Listalleottoesitteen tiivistelm\u00e4 on k\u00e4\u00e4nnetty suomen kielelle.<\/p>\n\n\n\n<p>Joukkovelkakirjalaina ja Ensimm\u00e4iset Lis\u00e4velkakirjat on otettu kaupank\u00e4ynnin kohteeksi Nasdaq Helsinki Oy:n joukkovelkakirjalainojen listalla kaupank\u00e4yntitunnuksella \u201cFORJVAIH27\u201d.<\/p>\n\n\n\n<p>Yhti\u00f6 on 26.3.2024 laskenut liikkeeseen 25 miljoonan euron m\u00e4\u00e4r\u00e4st\u00e4 lis\u00e4\u00e4 velkakirjoja Joukkovelkakirjalainan ehtojen puitteissa (\u201c<strong>Toiset Lis\u00e4velkakirjat<\/strong>\u201c). Joukkovelkakirjalainan ehtojen mukaisesti Yhti\u00f6n tulee hakea Toisten Lis\u00e4velkakirjojen listalleottoa Nasdaq Helsinki Oy:n joukkovelkakirjalainojen listalle. <\/p>\n\n\n\n<p>Finanssivalvonta on 21.5.2024 hyv\u00e4ksynyt Toisten Lis\u00e4velkakirjojen listalleottoesitteen ja se on saatavilla englanninkielisen\u00e4 t\u00e4lt\u00e4 sivustolta. Listalleottoesitteen tiivistelm\u00e4 on k\u00e4\u00e4nnetty suomen kielelle. <\/p>\n\n\n\n<p>Yhti\u00f6 on j\u00e4tt\u00e4nyt hakemuksen Toisten Lis\u00e4velkakirjojen listaamiseksi Nasdaq Helsinki Oy:n yll\u00e4pit\u00e4m\u00e4lle joukkovelkakirjalainojen listalle. Kaupank\u00e4ynnin Toisilla Lis\u00e4velkakirjoilla odotetaan alkavan 23.5.2024 samalla kaupank\u00e4yntitunnuksella \u201cFORJVAIH27\u201d kuin Joukkovelkakirjalainalla ja Ensimm\u00e4isill\u00e4 Lis\u00e4velkakirjoilla. <\/p>\n\n\n\n<p>Joukkovelkakirjalaina, Ensimm\u00e4iset Lis\u00e4velkakirjat ja Toiset Lis\u00e4velkakirjat ovat julkisen kaupank\u00e4ynnin kohteena my\u00f6s Frankfurt p\u00f6rssin Open Market -kaupank\u00e4yntipaikalla.<\/p>\n\n\n\n<p>Pareto Securities AB toimi j\u00e4rjest\u00e4j\u00e4n\u00e4 Joukkovelkakirjalainan, Ensimm\u00e4isten Lis\u00e4velkakirjojen ja Toisten Lis\u00e4velkakirjojen liikkeeseenlaskujen yhteydess\u00e4.<\/p>\n\n\n<style>.wp-block-kadence-advancedheading.kt-adv-heading5073_89d350-60, .wp-block-kadence-advancedheading.kt-adv-heading5073_89d350-60[data-kb-block=\"kb-adv-heading5073_89d350-60\"]{font-style:normal;}.wp-block-kadence-advancedheading.kt-adv-heading5073_89d350-60 mark.kt-highlight, .wp-block-kadence-advancedheading.kt-adv-heading5073_89d350-60[data-kb-block=\"kb-adv-heading5073_89d350-60\"] mark.kt-highlight{font-style:normal;color:#f76a0c;-webkit-box-decoration-break:clone;box-decoration-break:clone;padding-top:0px;padding-right:0px;padding-bottom:0px;padding-left:0px;}.wp-block-kadence-advancedheading.kt-adv-heading5073_89d350-60 img.kb-inline-image, .wp-block-kadence-advancedheading.kt-adv-heading5073_89d350-60[data-kb-block=\"kb-adv-heading5073_89d350-60\"] img.kb-inline-image{width:150px;vertical-align:baseline;}<\/style>\n<h3 class=\"kt-adv-heading5073_89d350-60 wp-block-kadence-advancedheading\" data-kb-block=\"kb-adv-heading5073_89d350-60\">Materiaaleja<\/h3>\n\n\n<style>.wp-block-kadence-advancedheading.kt-adv-heading5073_abdf5c-a6, .wp-block-kadence-advancedheading.kt-adv-heading5073_abdf5c-a6[data-kb-block=\"kb-adv-heading5073_abdf5c-a6\"]{margin-top:var(--global-kb-spacing-lg, 3rem);margin-bottom:var(--global-kb-spacing-lg, 3rem);font-style:normal;}.wp-block-kadence-advancedheading.kt-adv-heading5073_abdf5c-a6 mark.kt-highlight, .wp-block-kadence-advancedheading.kt-adv-heading5073_abdf5c-a6[data-kb-block=\"kb-adv-heading5073_abdf5c-a6\"] mark.kt-highlight{font-style:normal;color:#f76a0c;-webkit-box-decoration-break:clone;box-decoration-break:clone;padding-top:0px;padding-right:0px;padding-bottom:0px;padding-left:0px;}.wp-block-kadence-advancedheading.kt-adv-heading5073_abdf5c-a6 img.kb-inline-image, .wp-block-kadence-advancedheading.kt-adv-heading5073_abdf5c-a6[data-kb-block=\"kb-adv-heading5073_abdf5c-a6\"] img.kb-inline-image{width:150px;vertical-align:baseline;}<\/style>\n<p class=\"kt-adv-heading5073_abdf5c-a6 wp-block-kadence-advancedheading\" data-kb-block=\"kb-adv-heading5073_abdf5c-a6\"><a href=\"https:\/\/investors.fortacogroup.com\/wp-content\/uploads\/2025\/05\/Fortaco___A_R_Terms_and_Conditions__Final_.pdf\" target=\"_blank\" rel=\"noreferrer noopener\">Joukkovelkakirjalainan ehdot<\/a><\/p>\n\n\n<style>.wp-block-kadence-advancedheading.kt-adv-heading5073_098639-3e, .wp-block-kadence-advancedheading.kt-adv-heading5073_098639-3e[data-kb-block=\"kb-adv-heading5073_098639-3e\"]{margin-top:var(--global-kb-spacing-lg, 3rem);margin-bottom:var(--global-kb-spacing-lg, 3rem);font-style:normal;}.wp-block-kadence-advancedheading.kt-adv-heading5073_098639-3e mark.kt-highlight, .wp-block-kadence-advancedheading.kt-adv-heading5073_098639-3e[data-kb-block=\"kb-adv-heading5073_098639-3e\"] mark.kt-highlight{font-style:normal;color:#f76a0c;-webkit-box-decoration-break:clone;box-decoration-break:clone;padding-top:0px;padding-right:0px;padding-bottom:0px;padding-left:0px;}.wp-block-kadence-advancedheading.kt-adv-heading5073_098639-3e img.kb-inline-image, .wp-block-kadence-advancedheading.kt-adv-heading5073_098639-3e[data-kb-block=\"kb-adv-heading5073_098639-3e\"] img.kb-inline-image{width:150px;vertical-align:baseline;}<\/style>\n<p class=\"kt-adv-heading5073_098639-3e wp-block-kadence-advancedheading\" data-kb-block=\"kb-adv-heading5073_098639-3e\"><a href=\"https:\/\/investors.fortacogroup.com\/wp-content\/uploads\/2025\/04\/Notice-of-written-procedure-FINAL.pdf\" target=\"_blank\" rel=\"noreferrer noopener\">Ilmoitus kirjallisesta menettelyst\u00e4 2.4.2025<\/a><\/p>\n\n\n<style>.wp-block-kadence-advancedheading.kt-adv-heading5073_8cc96d-e5, .wp-block-kadence-advancedheading.kt-adv-heading5073_8cc96d-e5[data-kb-block=\"kb-adv-heading5073_8cc96d-e5\"]{margin-top:var(--global-kb-spacing-lg, 3rem);margin-bottom:var(--global-kb-spacing-lg, 3rem);font-style:normal;}.wp-block-kadence-advancedheading.kt-adv-heading5073_8cc96d-e5 mark.kt-highlight, .wp-block-kadence-advancedheading.kt-adv-heading5073_8cc96d-e5[data-kb-block=\"kb-adv-heading5073_8cc96d-e5\"] mark.kt-highlight{font-style:normal;color:#f76a0c;-webkit-box-decoration-break:clone;box-decoration-break:clone;padding-top:0px;padding-right:0px;padding-bottom:0px;padding-left:0px;}.wp-block-kadence-advancedheading.kt-adv-heading5073_8cc96d-e5 img.kb-inline-image, .wp-block-kadence-advancedheading.kt-adv-heading5073_8cc96d-e5[data-kb-block=\"kb-adv-heading5073_8cc96d-e5\"] img.kb-inline-image{width:150px;vertical-align:baseline;}<\/style>\n<p class=\"kt-adv-heading5073_8cc96d-e5 wp-block-kadence-advancedheading\" data-kb-block=\"kb-adv-heading5073_8cc96d-e5\"><a href=\"https:\/\/investors.fortacogroup.com\/wp-content\/uploads\/2024\/05\/Notice-of-results-Fortaco_.pdf\" target=\"_blank\" rel=\"noreferrer noopener\">Ilmoitus kirjallisen menettelyn tuloksista<\/a><\/p>\n\n\n<style>.wp-block-kadence-advancedheading.kt-adv-heading5073_d5ec4e-97, .wp-block-kadence-advancedheading.kt-adv-heading5073_d5ec4e-97[data-kb-block=\"kb-adv-heading5073_d5ec4e-97\"]{margin-top:var(--global-kb-spacing-lg, 3rem);margin-bottom:var(--global-kb-spacing-lg, 3rem);font-style:normal;}.wp-block-kadence-advancedheading.kt-adv-heading5073_d5ec4e-97 mark.kt-highlight, .wp-block-kadence-advancedheading.kt-adv-heading5073_d5ec4e-97[data-kb-block=\"kb-adv-heading5073_d5ec4e-97\"] mark.kt-highlight{font-style:normal;color:#f76a0c;-webkit-box-decoration-break:clone;box-decoration-break:clone;padding-top:0px;padding-right:0px;padding-bottom:0px;padding-left:0px;}.wp-block-kadence-advancedheading.kt-adv-heading5073_d5ec4e-97 img.kb-inline-image, .wp-block-kadence-advancedheading.kt-adv-heading5073_d5ec4e-97[data-kb-block=\"kb-adv-heading5073_d5ec4e-97\"] img.kb-inline-image{width:150px;vertical-align:baseline;}<\/style>\n<p class=\"kt-adv-heading5073_d5ec4e-97 wp-block-kadence-advancedheading\" data-kb-block=\"kb-adv-heading5073_d5ec4e-97\"><a href=\"https:\/\/investors.fortacogroup.com\/wp-content\/uploads\/2024\/05\/Fortaco-Group-Holdco-Oyj-Prospectus-21-May-202413516474.17.pdf\" target=\"_blank\" data-type=\"link\" data-id=\"https:\/\/investors.fortacogroup.com\/wp-content\/uploads\/2024\/05\/Fortaco-Group-Holdco-Oyj-Prospectus-21-May-202413516474.17.pdf\" rel=\"noreferrer noopener\">Toisten Lis\u00e4velkakirjojen listalleottoesite (21.5.2024)<\/a><\/p>\n\n\n<style>.wp-block-kadence-advancedheading.kt-adv-heading5073_5c4c63-e3, .wp-block-kadence-advancedheading.kt-adv-heading5073_5c4c63-e3[data-kb-block=\"kb-adv-heading5073_5c4c63-e3\"]{margin-top:var(--global-kb-spacing-lg, 3rem);margin-bottom:var(--global-kb-spacing-lg, 3rem);font-style:normal;}.wp-block-kadence-advancedheading.kt-adv-heading5073_5c4c63-e3 mark.kt-highlight, .wp-block-kadence-advancedheading.kt-adv-heading5073_5c4c63-e3[data-kb-block=\"kb-adv-heading5073_5c4c63-e3\"] mark.kt-highlight{font-style:normal;color:#f76a0c;-webkit-box-decoration-break:clone;box-decoration-break:clone;padding-top:0px;padding-right:0px;padding-bottom:0px;padding-left:0px;}.wp-block-kadence-advancedheading.kt-adv-heading5073_5c4c63-e3 img.kb-inline-image, .wp-block-kadence-advancedheading.kt-adv-heading5073_5c4c63-e3[data-kb-block=\"kb-adv-heading5073_5c4c63-e3\"] img.kb-inline-image{width:150px;vertical-align:baseline;}<\/style>\n<p class=\"kt-adv-heading5073_5c4c63-e3 wp-block-kadence-advancedheading\" data-kb-block=\"kb-adv-heading5073_5c4c63-e3\"><a href=\"https:\/\/investors.fortacogroup.com\/wp-content\/uploads\/2023\/08\/Fortaco-Group-Holdco-Oyj-Prospectus-23-August-202312876575.12.pdf\">Ensimm\u00e4isten Lis\u00e4velkakirjojen listalleottoesite (23.8.2023)<\/a><\/p>\n\n\n<style>.wp-block-kadence-advancedheading.kt-adv-heading5073_2ac235-96, .wp-block-kadence-advancedheading.kt-adv-heading5073_2ac235-96[data-kb-block=\"kb-adv-heading5073_2ac235-96\"]{margin-top:var(--global-kb-spacing-lg, 3rem);margin-bottom:var(--global-kb-spacing-lg, 3rem);font-style:normal;}.wp-block-kadence-advancedheading.kt-adv-heading5073_2ac235-96 mark.kt-highlight, .wp-block-kadence-advancedheading.kt-adv-heading5073_2ac235-96[data-kb-block=\"kb-adv-heading5073_2ac235-96\"] mark.kt-highlight{font-style:normal;color:#f76a0c;-webkit-box-decoration-break:clone;box-decoration-break:clone;padding-top:0px;padding-right:0px;padding-bottom:0px;padding-left:0px;}.wp-block-kadence-advancedheading.kt-adv-heading5073_2ac235-96 img.kb-inline-image, .wp-block-kadence-advancedheading.kt-adv-heading5073_2ac235-96[data-kb-block=\"kb-adv-heading5073_2ac235-96\"] img.kb-inline-image{width:150px;vertical-align:baseline;}<\/style>\n<p class=\"kt-adv-heading5073_2ac235-96 wp-block-kadence-advancedheading\" data-kb-block=\"kb-adv-heading5073_2ac235-96\"><a href=\"https:\/\/investors.fortacogroup.com\/wp-content\/uploads\/2023\/05\/Fortaco-Group-Holdco-Oyj-Prospectus12355307.15.pdf\" data-type=\"link\" data-id=\"https:\/\/investors.fortacogroup.com\/wp-content\/uploads\/2023\/05\/Fortaco-Group-Holdco-Oyj-Prospectus12355307.15.pdf\">Joukkovelkakirjalainan listalleottoesite (23.5.2023)<\/a><\/p>\n\n\n<style>.wp-block-kadence-advancedheading.kt-adv-heading5073_8b185e-cc, .wp-block-kadence-advancedheading.kt-adv-heading5073_8b185e-cc[data-kb-block=\"kb-adv-heading5073_8b185e-cc\"]{margin-bottom:var(--global-kb-spacing-lg, 3rem);font-style:normal;}.wp-block-kadence-advancedheading.kt-adv-heading5073_8b185e-cc mark.kt-highlight, .wp-block-kadence-advancedheading.kt-adv-heading5073_8b185e-cc[data-kb-block=\"kb-adv-heading5073_8b185e-cc\"] mark.kt-highlight{font-style:normal;color:#f76a0c;-webkit-box-decoration-break:clone;box-decoration-break:clone;padding-top:0px;padding-right:0px;padding-bottom:0px;padding-left:0px;}.wp-block-kadence-advancedheading.kt-adv-heading5073_8b185e-cc img.kb-inline-image, .wp-block-kadence-advancedheading.kt-adv-heading5073_8b185e-cc[data-kb-block=\"kb-adv-heading5073_8b185e-cc\"] img.kb-inline-image{width:150px;vertical-align:baseline;}<\/style>\n<p class=\"kt-adv-heading5073_8b185e-cc wp-block-kadence-advancedheading\" data-kb-block=\"kb-adv-heading5073_8b185e-cc\"><a href=\"https:\/\/investors.fortacogroup.com\/wp-content\/uploads\/2023\/05\/Agency-Agreement_Redacted.pdf\" target=\"_blank\" rel=\"noreferrer noopener\">Agentuurisopimus<\/a><\/p>\n\n\n<style>.wp-block-kadence-advancedheading.kt-adv-heading5073_1186d9-52, .wp-block-kadence-advancedheading.kt-adv-heading5073_1186d9-52[data-kb-block=\"kb-adv-heading5073_1186d9-52\"]{margin-bottom:var(--global-kb-spacing-xs, 1rem);font-style:normal;}.wp-block-kadence-advancedheading.kt-adv-heading5073_1186d9-52 mark.kt-highlight, .wp-block-kadence-advancedheading.kt-adv-heading5073_1186d9-52[data-kb-block=\"kb-adv-heading5073_1186d9-52\"] mark.kt-highlight{font-style:normal;color:#f76a0c;-webkit-box-decoration-break:clone;box-decoration-break:clone;padding-top:0px;padding-right:0px;padding-bottom:0px;padding-left:0px;}.wp-block-kadence-advancedheading.kt-adv-heading5073_1186d9-52 img.kb-inline-image, .wp-block-kadence-advancedheading.kt-adv-heading5073_1186d9-52[data-kb-block=\"kb-adv-heading5073_1186d9-52\"] img.kb-inline-image{width:150px;vertical-align:baseline;}<\/style>\n<p class=\"kt-adv-heading5073_1186d9-52 wp-block-kadence-advancedheading\" data-kb-block=\"kb-adv-heading5073_1186d9-52\"><a href=\"https:\/\/investors.fortacogroup.com\/wp-content\/uploads\/2024\/05\/Fortaco-Notice-of-written-procedure-Final-version.pdf\" target=\"_blank\" rel=\"noreferrer noopener\">Ilmoitus kirjallisesta menettelyst\u00e4<\/a><\/p>\n<\/div><\/div>\n","protected":false},"excerpt":{"rendered":"<p>Joukkovelkakirjalaina Tietoa Fortaco Group Holdco Oyj:n joukkovelkakirjalainasta Fortaco Group Holdco Oyj (\u201cYhti\u00f6\u201c) on 22.7.2022 laskenut liikkeeseen 75 miljoonan euron suuruisen vakuudellisen joukkovelkakirjalainan (\u201cJoukkovelkakirjalaina\u201c). Finanssivalvonta on 23.5.2023 hyv\u00e4ksynyt Joukkovelkakirjalainan listalleottoesitteen ja se on saatavilla englanninkielisen\u00e4 t\u00e4lt\u00e4 sivustolta. Listalleottoesitteen tiivistelm\u00e4 on k\u00e4\u00e4nnetty suomen kielelle. Yhti\u00f6 on lis\u00e4ksi 3.7.2023 laskenut liikkeeseen 27,5 miljoonan euron m\u00e4\u00e4r\u00e4st\u00e4 lis\u00e4\u00e4 velkakirjoja Joukkovelkakirjalainan&#8230;<\/p>\n","protected":false},"author":1,"featured_media":0,"parent":0,"menu_order":0,"comment_status":"closed","ping_status":"closed","template":"","meta":{"_acf_changed":false,"_kad_blocks_custom_css":"","_kad_blocks_head_custom_js":"","_kad_blocks_body_custom_js":"","_kad_blocks_footer_custom_js":"","_monsterinsights_skip_tracking":false,"_monsterinsights_sitenote_active":false,"_monsterinsights_sitenote_note":"","_monsterinsights_sitenote_category":0,"_kad_post_transparent":"","_kad_post_title":"","_kad_post_layout":"","_kad_post_sidebar_id":"","_kad_post_content_style":"","_kad_post_vertical_padding":"","_kad_post_feature":"","_kad_post_feature_position":"","_kad_post_header":false,"_kad_post_footer":false,"_kad_post_classname":"","footnotes":""},"class_list":["post-5080","page","type-page","status-publish","hentry"],"acf":[],"taxonomy_info":[],"featured_image_src_large":false,"author_info":{"display_name":"Fortaco","author_link":"https:\/\/investors.fortacogroup.com\/fi\/author\/clariable\/"},"comment_info":"","_links":{"self":[{"href":"https:\/\/investors.fortacogroup.com\/fi\/wp-json\/wp\/v2\/pages\/5080","targetHints":{"allow":["GET"]}}],"collection":[{"href":"https:\/\/investors.fortacogroup.com\/fi\/wp-json\/wp\/v2\/pages"}],"about":[{"href":"https:\/\/investors.fortacogroup.com\/fi\/wp-json\/wp\/v2\/types\/page"}],"author":[{"embeddable":true,"href":"https:\/\/investors.fortacogroup.com\/fi\/wp-json\/wp\/v2\/users\/1"}],"replies":[{"embeddable":true,"href":"https:\/\/investors.fortacogroup.com\/fi\/wp-json\/wp\/v2\/comments?post=5080"}],"version-history":[{"count":0,"href":"https:\/\/investors.fortacogroup.com\/fi\/wp-json\/wp\/v2\/pages\/5080\/revisions"}],"wp:attachment":[{"href":"https:\/\/investors.fortacogroup.com\/fi\/wp-json\/wp\/v2\/media?parent=5080"}],"curies":[{"name":"wp","href":"https:\/\/api.w.org\/{rel}","templated":true}]}}