{"id":4754,"date":"2023-03-06T15:38:08","date_gmt":"2023-03-06T13:38:08","guid":{"rendered":"https:\/\/investors.fortacogroup.com\/sisapiirihallinto\/"},"modified":"2023-12-28T16:45:28","modified_gmt":"2023-12-28T14:45:28","slug":"fi-insider-management","status":"publish","type":"page","link":"https:\/\/investors.fortacogroup.com\/fi\/fi-insider-management\/","title":{"rendered":"Sis\u00e4piirihallinto"},"content":{"rendered":"<style>.kb-row-layout-id79_7944b4-4b > .kt-row-column-wrap{align-content:start;}:where(.kb-row-layout-id79_7944b4-4b > .kt-row-column-wrap) > .wp-block-kadence-column{justify-content:start;}.kb-row-layout-id79_7944b4-4b > .kt-row-column-wrap{column-gap:var(--global-kb-gap-md, 2rem);row-gap:var(--global-kb-gap-md, 2rem);max-width:var( --global-content-width, 1200px );padding-left:var(--global-content-edge-padding);padding-right:var(--global-content-edge-padding);padding-top:95px;padding-bottom:95px;grid-template-columns:minmax(0, 1fr);}.kb-row-layout-id79_7944b4-4b{background-image:url('https:\/\/investors.fortacogroup.com\/wp-content\/uploads\/2023\/04\/fortaco-invest-sisaltokuva-2.jpg');background-size:cover;background-position:center center;background-attachment:scroll;background-repeat:no-repeat;}.kb-row-layout-id79_7944b4-4b > .kt-row-layout-overlay{opacity:0.30;}@media all and (max-width: 1024px){.kb-row-layout-id79_7944b4-4b > .kt-row-column-wrap{padding-top:95px;padding-bottom:95px;grid-template-columns:minmax(0, 1fr);}}@media all and (max-width: 767px){.kb-row-layout-id79_7944b4-4b > .kt-row-column-wrap{padding-top:50px;padding-bottom:50px;grid-template-columns:minmax(0, 1fr);}}<\/style><div class=\"kb-row-layout-wrap kb-row-layout-id79_7944b4-4b alignfull kt-row-has-bg wp-block-kadence-rowlayout\"><div class=\"kt-row-column-wrap kt-has-1-columns kt-row-layout-equal kt-tab-layout-inherit kt-mobile-layout-row kt-row-valign-top kb-theme-content-width\">\n<style>.kadence-column79_a8f1a1-1d > .kt-inside-inner-col,.kadence-column79_a8f1a1-1d > .kt-inside-inner-col:before{border-top-left-radius:0px;border-top-right-radius:0px;border-bottom-right-radius:0px;border-bottom-left-radius:0px;}.kadence-column79_a8f1a1-1d > .kt-inside-inner-col{column-gap:var(--global-kb-gap-sm, 1rem);}.kadence-column79_a8f1a1-1d > .kt-inside-inner-col{flex-direction:column;}.kadence-column79_a8f1a1-1d > .kt-inside-inner-col > .aligncenter{width:100%;}.kadence-column79_a8f1a1-1d > .kt-inside-inner-col:before{opacity:0.3;}.kadence-column79_a8f1a1-1d{position:relative;}@media all and (max-width: 1024px){.kadence-column79_a8f1a1-1d > .kt-inside-inner-col{flex-direction:column;justify-content:center;}}@media all and (max-width: 767px){.kadence-column79_a8f1a1-1d > .kt-inside-inner-col{flex-direction:column;justify-content:center;}}<\/style>\n<div class=\"wp-block-kadence-column kadence-column79_a8f1a1-1d\"><div class=\"kt-inside-inner-col\"><style>.wp-block-kadence-advancedheading.kt-adv-heading79_3ae8e3-e3, .wp-block-kadence-advancedheading.kt-adv-heading79_3ae8e3-e3[data-kb-block=\"kb-adv-heading79_3ae8e3-e3\"]{font-style:normal;}.wp-block-kadence-advancedheading.kt-adv-heading79_3ae8e3-e3 mark.kt-highlight, .wp-block-kadence-advancedheading.kt-adv-heading79_3ae8e3-e3[data-kb-block=\"kb-adv-heading79_3ae8e3-e3\"] mark.kt-highlight{font-style:normal;color:#f76a0c;-webkit-box-decoration-break:clone;box-decoration-break:clone;padding-top:0px;padding-right:0px;padding-bottom:0px;padding-left:0px;}.wp-block-kadence-advancedheading.kt-adv-heading79_3ae8e3-e3 img.kb-inline-image, .wp-block-kadence-advancedheading.kt-adv-heading79_3ae8e3-e3[data-kb-block=\"kb-adv-heading79_3ae8e3-e3\"] img.kb-inline-image{width:150px;vertical-align:baseline;}<\/style>\n<h1 class=\"kt-adv-heading79_3ae8e3-e3 wp-block-kadence-advancedheading\" data-kb-block=\"kb-adv-heading79_3ae8e3-e3\">Sis\u00e4piirihallinto<\/h1>\n<\/div><\/div>\n\n<\/div><\/div><style>.kb-row-layout-id79_2a361b-eb > .kt-row-column-wrap{align-content:start;}:where(.kb-row-layout-id79_2a361b-eb > .kt-row-column-wrap) > .wp-block-kadence-column{justify-content:start;}.kb-row-layout-id79_2a361b-eb > .kt-row-column-wrap{column-gap:var(--global-kb-gap-md, 2rem);row-gap:var(--global-kb-gap-md, 2rem);padding-top:115px;padding-bottom:30px;grid-template-columns:repeat(2, minmax(0, 1fr));}.kb-row-layout-id79_2a361b-eb > .kt-row-layout-overlay{opacity:0.30;}@media all and (max-width: 1024px){.kb-row-layout-id79_2a361b-eb > .kt-row-column-wrap{padding-top:100px;padding-bottom:30px;grid-template-columns:repeat(2, minmax(0, 1fr));}}@media all and (max-width: 767px){.kb-row-layout-id79_2a361b-eb > .kt-row-column-wrap{padding-top:50px;padding-bottom:0px;grid-template-columns:minmax(0, 1fr);}}<\/style><div class=\"kb-row-layout-wrap kb-row-layout-id79_2a361b-eb alignnone wp-block-kadence-rowlayout\"><div class=\"kt-row-column-wrap kt-has-2-columns kt-row-layout-equal kt-tab-layout-inherit kt-mobile-layout-row kt-row-valign-top\">\n<style>.kadence-column79_8470c8-69 > .kt-inside-inner-col,.kadence-column79_8470c8-69 > .kt-inside-inner-col:before{border-top-left-radius:0px;border-top-right-radius:0px;border-bottom-right-radius:0px;border-bottom-left-radius:0px;}.kadence-column79_8470c8-69 > .kt-inside-inner-col{column-gap:var(--global-kb-gap-sm, 1rem);}.kadence-column79_8470c8-69 > .kt-inside-inner-col{flex-direction:column;}.kadence-column79_8470c8-69 > .kt-inside-inner-col > .aligncenter{width:100%;}.kadence-column79_8470c8-69 > .kt-inside-inner-col:before{opacity:0.3;}.kadence-column79_8470c8-69{position:relative;}@media all and (max-width: 1024px){.kadence-column79_8470c8-69 > .kt-inside-inner-col{flex-direction:column;justify-content:center;}}@media all and (max-width: 767px){.kadence-column79_8470c8-69 > .kt-inside-inner-col{flex-direction:column;justify-content:center;}}<\/style>\n<div class=\"wp-block-kadence-column kadence-column79_8470c8-69\"><div class=\"kt-inside-inner-col\"><style>.wp-block-kadence-advancedheading.kt-adv-heading79_3665ce-37, .wp-block-kadence-advancedheading.kt-adv-heading79_3665ce-37[data-kb-block=\"kb-adv-heading79_3665ce-37\"]{padding-right:0px;margin-top:-10px;font-style:normal;}.wp-block-kadence-advancedheading.kt-adv-heading79_3665ce-37 mark.kt-highlight, .wp-block-kadence-advancedheading.kt-adv-heading79_3665ce-37[data-kb-block=\"kb-adv-heading79_3665ce-37\"] mark.kt-highlight{font-style:normal;color:#f76a0c;-webkit-box-decoration-break:clone;box-decoration-break:clone;padding-top:0px;padding-right:0px;padding-bottom:0px;padding-left:0px;}.wp-block-kadence-advancedheading.kt-adv-heading79_3665ce-37 img.kb-inline-image, .wp-block-kadence-advancedheading.kt-adv-heading79_3665ce-37[data-kb-block=\"kb-adv-heading79_3665ce-37\"] img.kb-inline-image{width:150px;vertical-align:baseline;}@media all and (max-width: 1024px){.wp-block-kadence-advancedheading.kt-adv-heading79_3665ce-37, .wp-block-kadence-advancedheading.kt-adv-heading79_3665ce-37[data-kb-block=\"kb-adv-heading79_3665ce-37\"]{padding-right:0px;}}<\/style>\n<h2 class=\"kt-adv-heading79_3665ce-37 wp-block-kadence-advancedheading\" data-kb-block=\"kb-adv-heading79_3665ce-37\"><strong>Sis\u00e4piirihallinto<\/strong><\/h2>\n\n\n<style>.wp-block-kadence-advancedheading.kt-adv-heading79_e87dfc-7c, .wp-block-kadence-advancedheading.kt-adv-heading79_e87dfc-7c[data-kb-block=\"kb-adv-heading79_e87dfc-7c\"]{font-style:normal;}.wp-block-kadence-advancedheading.kt-adv-heading79_e87dfc-7c mark.kt-highlight, .wp-block-kadence-advancedheading.kt-adv-heading79_e87dfc-7c[data-kb-block=\"kb-adv-heading79_e87dfc-7c\"] mark.kt-highlight{font-style:normal;color:#f76a0c;-webkit-box-decoration-break:clone;box-decoration-break:clone;padding-top:0px;padding-right:0px;padding-bottom:0px;padding-left:0px;}.wp-block-kadence-advancedheading.kt-adv-heading79_e87dfc-7c img.kb-inline-image, .wp-block-kadence-advancedheading.kt-adv-heading79_e87dfc-7c[data-kb-block=\"kb-adv-heading79_e87dfc-7c\"] img.kb-inline-image{width:150px;vertical-align:baseline;}<\/style>\n<p class=\"kt-adv-heading79_e87dfc-7c wp-block-kadence-advancedheading\" data-kb-block=\"kb-adv-heading79_e87dfc-7c\">Fortaco Group Holdco Oyj:n sis\u00e4piiriohjeet perustuvat Suomen ja EU:n lakeihin ja s\u00e4\u00e4d\u00f6ksiin, joista t\u00e4rkeimm\u00e4t ovat EU:n markkinoiden v\u00e4\u00e4rink\u00e4ytt\u00f6\u00e4 koskeva asetus 596\/2014\/EU, muutoksineen MAR-asetus ja sen nojalla annetut alemman asteiset s\u00e4\u00e4d\u00f6kset sek\u00e4 arvopaperimarkkinalaki (746\/2012), Suomen rikoslaki (39\/1889) sek\u00e4 Nasdaq Helsinki Oy:n ohjeet listayhti\u00f6iden sis\u00e4piiril\u00e4isille. N\u00e4it\u00e4 t\u00e4ydennet\u00e4\u00e4n yhti\u00f6n omilla sis\u00e4piiriohjeilla.<\/p>\n\n\n<style>.wp-block-kadence-advancedheading.kt-adv-heading79_867ad7-82, .wp-block-kadence-advancedheading.kt-adv-heading79_867ad7-82[data-kb-block=\"kb-adv-heading79_867ad7-82\"]{font-style:normal;}.wp-block-kadence-advancedheading.kt-adv-heading79_867ad7-82 mark.kt-highlight, .wp-block-kadence-advancedheading.kt-adv-heading79_867ad7-82[data-kb-block=\"kb-adv-heading79_867ad7-82\"] mark.kt-highlight{font-style:normal;color:#f76a0c;-webkit-box-decoration-break:clone;box-decoration-break:clone;padding-top:0px;padding-right:0px;padding-bottom:0px;padding-left:0px;}.wp-block-kadence-advancedheading.kt-adv-heading79_867ad7-82 img.kb-inline-image, .wp-block-kadence-advancedheading.kt-adv-heading79_867ad7-82[data-kb-block=\"kb-adv-heading79_867ad7-82\"] img.kb-inline-image{width:150px;vertical-align:baseline;}<\/style>\n<p class=\"kt-adv-heading79_867ad7-82 wp-block-kadence-advancedheading\" data-kb-block=\"kb-adv-heading79_867ad7-82\">Fortaco Groupin talousjohtaja vastaa sis\u00e4piiriohjeista, sis\u00e4piiriluettelon yll\u00e4pidosta ja yhti\u00f6n yleisest\u00e4 sis\u00e4piirihallinnasta. H\u00e4n my\u00f6s vastaa sis\u00e4piiriohjeeseen ja muihin sis\u00e4piiriin liittyviin kysymyksiin.<\/p>\n\n\n<style>.wp-block-kadence-advancedheading.kt-adv-heading79_6a3d38-00, .wp-block-kadence-advancedheading.kt-adv-heading79_6a3d38-00[data-kb-block=\"kb-adv-heading79_6a3d38-00\"]{font-style:normal;}.wp-block-kadence-advancedheading.kt-adv-heading79_6a3d38-00 mark.kt-highlight, .wp-block-kadence-advancedheading.kt-adv-heading79_6a3d38-00[data-kb-block=\"kb-adv-heading79_6a3d38-00\"] mark.kt-highlight{font-style:normal;color:#f76a0c;-webkit-box-decoration-break:clone;box-decoration-break:clone;padding-top:0px;padding-right:0px;padding-bottom:0px;padding-left:0px;}.wp-block-kadence-advancedheading.kt-adv-heading79_6a3d38-00 img.kb-inline-image, .wp-block-kadence-advancedheading.kt-adv-heading79_6a3d38-00[data-kb-block=\"kb-adv-heading79_6a3d38-00\"] img.kb-inline-image{width:150px;vertical-align:baseline;}<\/style>\n<p class=\"kt-adv-heading79_6a3d38-00 wp-block-kadence-advancedheading\" data-kb-block=\"kb-adv-heading79_6a3d38-00\">Fortaco tiedottaa yrityst\u00e4 tai sen rahoitusv\u00e4lineit\u00e4 suoraan koskevasta sis\u00e4piiritiedosta mahdollisimman pian. Sis\u00e4piiritiedon julkistamisesta tai julkistamisen lykk\u00e4\u00e4misest\u00e4 p\u00e4\u00e4tt\u00e4v\u00e4t yhti\u00f6n hallintoneuvosto ja toimitusjohtaja yhdess\u00e4. Kiireellisiss\u00e4 tapauksissa p\u00e4\u00e4t\u00f6ksen voivat tehd\u00e4 hallintoneuvoston puheenjohtaja ja toimitusjohtaja yhdess\u00e4. Sis\u00e4piiritieto julkistetaan p\u00f6rssitiedotteena. <\/p>\n<\/div><\/div>\n\n\n<style>.kadence-column79_903b6e-d5 > .kt-inside-inner-col,.kadence-column79_903b6e-d5 > .kt-inside-inner-col:before{border-top-left-radius:0px;border-top-right-radius:0px;border-bottom-right-radius:0px;border-bottom-left-radius:0px;}.kadence-column79_903b6e-d5 > .kt-inside-inner-col{column-gap:var(--global-kb-gap-sm, 1rem);}.kadence-column79_903b6e-d5 > .kt-inside-inner-col{flex-direction:column;}.kadence-column79_903b6e-d5 > .kt-inside-inner-col > .aligncenter{width:100%;}.kadence-column79_903b6e-d5 > .kt-inside-inner-col:before{opacity:0.3;}.kadence-column79_903b6e-d5{position:relative;}@media all and (max-width: 1024px){.kadence-column79_903b6e-d5 > .kt-inside-inner-col{flex-direction:column;justify-content:center;}}@media all and (max-width: 767px){.kadence-column79_903b6e-d5 > .kt-inside-inner-col{flex-direction:column;justify-content:center;}}<\/style>\n<div class=\"wp-block-kadence-column kadence-column79_903b6e-d5\"><div class=\"kt-inside-inner-col\"><style>.kb-image79_b59cd5-c4 .kb-image-has-overlay:after{opacity:0.3;}<\/style>\n<figure class=\"wp-block-kadence-image kb-image79_b59cd5-c4\"><img loading=\"lazy\" decoding=\"async\" width=\"1500\" height=\"1544\" src=\"https:\/\/investors.fortacogroup.com\/wp-content\/uploads\/2023\/05\/Insider-management-final-image.jpeg\" alt=\"Ryhm\u00e4 ihmisi\u00e4 istuu neuvotteluhuoneessa.\" class=\"kb-img wp-image-4840\" srcset=\"https:\/\/investors.fortacogroup.com\/wp-content\/uploads\/2023\/05\/Insider-management-final-image.jpeg 1500w, https:\/\/investors.fortacogroup.com\/wp-content\/uploads\/2023\/05\/Insider-management-final-image-291x300.jpeg 291w, https:\/\/investors.fortacogroup.com\/wp-content\/uploads\/2023\/05\/Insider-management-final-image-995x1024.jpeg 995w, https:\/\/investors.fortacogroup.com\/wp-content\/uploads\/2023\/05\/Insider-management-final-image-768x791.jpeg 768w, https:\/\/investors.fortacogroup.com\/wp-content\/uploads\/2023\/05\/Insider-management-final-image-1492x1536.jpeg 1492w, https:\/\/investors.fortacogroup.com\/wp-content\/uploads\/2023\/05\/Insider-management-final-image-1024x1054.jpeg 1024w\" sizes=\"auto, (max-width: 1500px) 100vw, 1500px\" \/><\/figure>\n<\/div><\/div>\n\n<\/div><\/div><style>.kadence-column79_47d82e-c7 > .kt-inside-inner-col{padding-top:0px;padding-bottom:125px;}.kadence-column79_47d82e-c7 > .kt-inside-inner-col,.kadence-column79_47d82e-c7 > .kt-inside-inner-col:before{border-top-left-radius:0px;border-top-right-radius:0px;border-bottom-right-radius:0px;border-bottom-left-radius:0px;}.kadence-column79_47d82e-c7 > .kt-inside-inner-col{column-gap:var(--global-kb-gap-sm, 1rem);}.kadence-column79_47d82e-c7 > .kt-inside-inner-col{flex-direction:column;}.kadence-column79_47d82e-c7 > .kt-inside-inner-col > .aligncenter{width:100%;}.kadence-column79_47d82e-c7 > .kt-inside-inner-col:before{opacity:0.3;}.kadence-column79_47d82e-c7{position:relative;}@media all and (max-width: 1024px){.kadence-column79_47d82e-c7 > .kt-inside-inner-col{padding-bottom:130px;flex-direction:column;justify-content:center;}}@media all and (max-width: 767px){.kadence-column79_47d82e-c7 > .kt-inside-inner-col{padding-top:30px;padding-bottom:50px;flex-direction:column;justify-content:center;}}<\/style>\n<div class=\"wp-block-kadence-column kadence-column79_47d82e-c7\"><div class=\"kt-inside-inner-col\">\n<p>Fortaco on m\u00e4\u00e4ritellyt MARin mukaan yhti\u00f6ss\u00e4 johtoteht\u00e4vi\u00e4 hoitaviksi henkil\u00f6iksi hallintoneuvoston j\u00e4senet, hallituksen j\u00e4senet, toimitusjohtajan ja talousjohtajan. Heill\u00e4 sek\u00e4 heid\u00e4n l\u00e4hipiiriins\u00e4 kuuluvilla henkil\u00f6ill\u00e4 on velvollisuus ilmoittaa yhti\u00f6lle ja Finanssivalvonnalle omaan lukuunsa tehdyist\u00e4 liiketoimista, jotka liittyv\u00e4t yhti\u00f6n osakkeisiin tai velkakirjoihin tai muihin rahoitusv\u00e4lineisiin tai niihin liittyviin johdannaisiin.<\/p>\n\n\n\n<p>Johtohenkil\u00f6iden ja heid\u00e4n l\u00e4hipiirins\u00e4 on teht\u00e4v\u00e4 virallinen ilmoitus yhti\u00f6lle ja Finanssivalvonnalle viipym\u00e4tt\u00e4 ja viimeist\u00e4\u00e4n kolmen arkip\u00e4iv\u00e4n kuluessa kaupantekop\u00e4iv\u00e4st\u00e4. Yhti\u00f6 julkistaa vastaanottamansa liiketoimi-ilmoitukset kahden arkip\u00e4iv\u00e4n kuluessa t\u00e4llaisen ilmoituksen saatuaan.<\/p>\n\n\n\n<p>Johtoteht\u00e4vi\u00e4 hoitavat henkil\u00f6t eiv\u00e4t saa suorittaa omaan lukuunsa tai kolmannen osapuolen lukuun suoraan tai v\u00e4lillisesti yhti\u00f6n rahoitusv\u00e4lineisiin liittyvi\u00e4 liiketoimia kolmenkymmenen (30) kalenterip\u00e4iv\u00e4n suljetun ajanjakson aikana ennen tilinp\u00e4\u00e4t\u00f6stiedotteen tai osavuosikatsauksen julkistamista, kyseisen katsauksen julkaisup\u00e4iv\u00e4 mukaan lukien.<\/p>\n\n\n\n<p>Yhti\u00f6 on laajentanut kaupank\u00e4yntirajoituksia suljetun ajanjakson aikana koskemaan my\u00f6s sellaisia ty\u00f6ntekij\u00f6it\u00e4 ja muita henkil\u00f6it\u00e4, jotka eiv\u00e4t ole johtajia ja joilla on mahdollisuus saada tietoa yhti\u00f6n osavuosikatsauksesta tai tilinp\u00e4\u00e4t\u00f6ksest\u00e4.<\/p>\n\n\n\n<p>Yhti\u00f6 yll\u00e4pit\u00e4\u00e4 luetteloa kaikista johtajista ja heid\u00e4n l\u00e4hipiirist\u00e4\u00e4n. Johtajien on toimitettava yhti\u00f6lle luettelo l\u00e4hipiirist\u00e4\u00e4n ja p\u00e4ivitett\u00e4v\u00e4 luetteloa aina tarvittaessa.<\/p>\n\n\n\n<p>Fortaco on tiedottanut sis\u00e4piiriohjeistuksen kaikille ty\u00f6ntekij\u00f6ille. Ohjeet ovat saatavilla yhti\u00f6n intranetiss\u00e4. Fortaco j\u00e4rjest\u00e4\u00e4 koulutusta sis\u00e4piiriohjeista.<\/p>\n<\/div><\/div>\n","protected":false},"excerpt":{"rendered":"<p>Sis\u00e4piirihallinto Sis\u00e4piirihallinto Fortaco Group Holdco Oyj:n sis\u00e4piiriohjeet perustuvat Suomen ja EU:n lakeihin ja s\u00e4\u00e4d\u00f6ksiin, joista t\u00e4rkeimm\u00e4t ovat EU:n markkinoiden v\u00e4\u00e4rink\u00e4ytt\u00f6\u00e4 koskeva asetus 596\/2014\/EU, muutoksineen MAR-asetus ja sen nojalla annetut alemman asteiset s\u00e4\u00e4d\u00f6kset sek\u00e4 arvopaperimarkkinalaki (746\/2012), Suomen rikoslaki (39\/1889) sek\u00e4 Nasdaq Helsinki Oy:n ohjeet listayhti\u00f6iden sis\u00e4piiril\u00e4isille. N\u00e4it\u00e4 t\u00e4ydennet\u00e4\u00e4n yhti\u00f6n omilla sis\u00e4piiriohjeilla. Fortaco Groupin talousjohtaja vastaa sis\u00e4piiriohjeista,&#8230;<\/p>\n","protected":false},"author":1,"featured_media":0,"parent":0,"menu_order":0,"comment_status":"closed","ping_status":"closed","template":"","meta":{"_acf_changed":false,"_kad_blocks_custom_css":"","_kad_blocks_head_custom_js":"","_kad_blocks_body_custom_js":"","_kad_blocks_footer_custom_js":"","_monsterinsights_skip_tracking":false,"_monsterinsights_sitenote_active":false,"_monsterinsights_sitenote_note":"","_monsterinsights_sitenote_category":0,"_kad_post_transparent":"","_kad_post_title":"","_kad_post_layout":"","_kad_post_sidebar_id":"","_kad_post_content_style":"","_kad_post_vertical_padding":"","_kad_post_feature":"","_kad_post_feature_position":"","_kad_post_header":false,"_kad_post_footer":false,"_kad_post_classname":"","footnotes":""},"class_list":["post-4754","page","type-page","status-publish","hentry"],"acf":[],"taxonomy_info":[],"featured_image_src_large":false,"author_info":{"display_name":"Fortaco","author_link":"https:\/\/investors.fortacogroup.com\/fi\/author\/clariable\/"},"comment_info":"","_links":{"self":[{"href":"https:\/\/investors.fortacogroup.com\/fi\/wp-json\/wp\/v2\/pages\/4754","targetHints":{"allow":["GET"]}}],"collection":[{"href":"https:\/\/investors.fortacogroup.com\/fi\/wp-json\/wp\/v2\/pages"}],"about":[{"href":"https:\/\/investors.fortacogroup.com\/fi\/wp-json\/wp\/v2\/types\/page"}],"author":[{"embeddable":true,"href":"https:\/\/investors.fortacogroup.com\/fi\/wp-json\/wp\/v2\/users\/1"}],"replies":[{"embeddable":true,"href":"https:\/\/investors.fortacogroup.com\/fi\/wp-json\/wp\/v2\/comments?post=4754"}],"version-history":[{"count":0,"href":"https:\/\/investors.fortacogroup.com\/fi\/wp-json\/wp\/v2\/pages\/4754\/revisions"}],"wp:attachment":[{"href":"https:\/\/investors.fortacogroup.com\/fi\/wp-json\/wp\/v2\/media?parent=4754"}],"curies":[{"name":"wp","href":"https:\/\/api.w.org\/{rel}","templated":true}]}}