{"id":4450,"date":"2023-03-06T15:06:56","date_gmt":"2023-03-06T13:06:56","guid":{"rendered":"https:\/\/investors.fortacogroup.com\/hallinto\/"},"modified":"2023-12-19T14:31:58","modified_gmt":"2023-12-19T12:31:58","slug":"governance","status":"publish","type":"page","link":"https:\/\/investors.fortacogroup.com\/fi\/governance\/","title":{"rendered":"Hallinto"},"content":{"rendered":"<style>.kb-row-layout-id35_4e8141-fa > .kt-row-column-wrap{align-content:start;}:where(.kb-row-layout-id35_4e8141-fa > .kt-row-column-wrap) > .wp-block-kadence-column{justify-content:start;}.kb-row-layout-id35_4e8141-fa > .kt-row-column-wrap{column-gap:var(--global-kb-gap-md, 2rem);row-gap:var(--global-kb-gap-md, 2rem);max-width:var( --global-content-width, 1200px );padding-left:var(--global-content-edge-padding);padding-right:var(--global-content-edge-padding);padding-top:95px;padding-bottom:95px;grid-template-columns:minmax(0, 1fr);}.kb-row-layout-id35_4e8141-fa{background-image:url('https:\/\/investors.fortacogroup.com\/wp-content\/uploads\/2023\/04\/fortaco-invest-sisaltokuva-2.jpg');background-size:cover;background-position:center center;background-attachment:scroll;background-repeat:no-repeat;}.kb-row-layout-id35_4e8141-fa > .kt-row-layout-overlay{opacity:0.30;}@media all and (max-width: 1024px){.kb-row-layout-id35_4e8141-fa > .kt-row-column-wrap{padding-top:95px;padding-bottom:95px;grid-template-columns:minmax(0, 1fr);}}@media all and (max-width: 767px){.kb-row-layout-id35_4e8141-fa > .kt-row-column-wrap{padding-top:50px;padding-bottom:50px;grid-template-columns:minmax(0, 1fr);}}<\/style><div class=\"kb-row-layout-wrap kb-row-layout-id35_4e8141-fa alignfull kt-row-has-bg wp-block-kadence-rowlayout\"><div class=\"kt-row-column-wrap kt-has-1-columns kt-row-layout-equal kt-tab-layout-inherit kt-mobile-layout-row kt-row-valign-top kb-theme-content-width\">\n<style>.kadence-column35_295918-b9 > .kt-inside-inner-col,.kadence-column35_295918-b9 > .kt-inside-inner-col:before{border-top-left-radius:0px;border-top-right-radius:0px;border-bottom-right-radius:0px;border-bottom-left-radius:0px;}.kadence-column35_295918-b9 > .kt-inside-inner-col{column-gap:var(--global-kb-gap-sm, 1rem);}.kadence-column35_295918-b9 > .kt-inside-inner-col{flex-direction:column;}.kadence-column35_295918-b9 > .kt-inside-inner-col > .aligncenter{width:100%;}.kadence-column35_295918-b9 > .kt-inside-inner-col:before{opacity:0.3;}.kadence-column35_295918-b9{position:relative;}@media all and (max-width: 1024px){.kadence-column35_295918-b9 > .kt-inside-inner-col{flex-direction:column;justify-content:center;}}@media all and (max-width: 767px){.kadence-column35_295918-b9 > .kt-inside-inner-col{flex-direction:column;justify-content:center;}}<\/style>\n<div class=\"wp-block-kadence-column kadence-column35_295918-b9\"><div class=\"kt-inside-inner-col\"><style>.wp-block-kadence-advancedheading.kt-adv-heading35_9e3421-ed, .wp-block-kadence-advancedheading.kt-adv-heading35_9e3421-ed[data-kb-block=\"kb-adv-heading35_9e3421-ed\"]{font-style:normal;}.wp-block-kadence-advancedheading.kt-adv-heading35_9e3421-ed mark.kt-highlight, .wp-block-kadence-advancedheading.kt-adv-heading35_9e3421-ed[data-kb-block=\"kb-adv-heading35_9e3421-ed\"] mark.kt-highlight{font-style:normal;color:#f76a0c;-webkit-box-decoration-break:clone;box-decoration-break:clone;padding-top:0px;padding-right:0px;padding-bottom:0px;padding-left:0px;}.wp-block-kadence-advancedheading.kt-adv-heading35_9e3421-ed img.kb-inline-image, .wp-block-kadence-advancedheading.kt-adv-heading35_9e3421-ed[data-kb-block=\"kb-adv-heading35_9e3421-ed\"] img.kb-inline-image{width:150px;vertical-align:baseline;}<\/style>\n<h1 class=\"kt-adv-heading35_9e3421-ed wp-block-kadence-advancedheading\" data-kb-block=\"kb-adv-heading35_9e3421-ed\">Hallinto<\/h1>\n<\/div><\/div>\n\n<\/div><\/div><style>.kadence-column35_b80a54-87 > .kt-inside-inner-col{padding-top:105px;padding-bottom:90px;}.kadence-column35_b80a54-87 > .kt-inside-inner-col,.kadence-column35_b80a54-87 > .kt-inside-inner-col:before{border-top-left-radius:0px;border-top-right-radius:0px;border-bottom-right-radius:0px;border-bottom-left-radius:0px;}.kadence-column35_b80a54-87 > .kt-inside-inner-col{column-gap:var(--global-kb-gap-sm, 1rem);}.kadence-column35_b80a54-87 > .kt-inside-inner-col{flex-direction:column;}.kadence-column35_b80a54-87 > .kt-inside-inner-col > .aligncenter{width:100%;}.kadence-column35_b80a54-87 > .kt-inside-inner-col:before{opacity:0.3;}.kadence-column35_b80a54-87{position:relative;}@media all and (max-width: 1024px){.kadence-column35_b80a54-87 > .kt-inside-inner-col{flex-direction:column;justify-content:center;}}@media all and (max-width: 767px){.kadence-column35_b80a54-87 > .kt-inside-inner-col{padding-top:50px;padding-bottom:30px;flex-direction:column;justify-content:center;}}<\/style>\n<div class=\"wp-block-kadence-column kadence-column35_b80a54-87\"><div class=\"kt-inside-inner-col\"><style>.wp-block-kadence-advancedheading.kt-adv-heading35_2f080c-b2, .wp-block-kadence-advancedheading.kt-adv-heading35_2f080c-b2[data-kb-block=\"kb-adv-heading35_2f080c-b2\"]{margin-bottom:15px;font-style:normal;}.wp-block-kadence-advancedheading.kt-adv-heading35_2f080c-b2 mark.kt-highlight, .wp-block-kadence-advancedheading.kt-adv-heading35_2f080c-b2[data-kb-block=\"kb-adv-heading35_2f080c-b2\"] mark.kt-highlight{font-style:normal;color:#f76a0c;-webkit-box-decoration-break:clone;box-decoration-break:clone;padding-top:0px;padding-right:0px;padding-bottom:0px;padding-left:0px;}.wp-block-kadence-advancedheading.kt-adv-heading35_2f080c-b2 img.kb-inline-image, .wp-block-kadence-advancedheading.kt-adv-heading35_2f080c-b2[data-kb-block=\"kb-adv-heading35_2f080c-b2\"] img.kb-inline-image{width:150px;vertical-align:baseline;}@media all and (max-width: 1024px){.wp-block-kadence-advancedheading.kt-adv-heading35_2f080c-b2, .wp-block-kadence-advancedheading.kt-adv-heading35_2f080c-b2[data-kb-block=\"kb-adv-heading35_2f080c-b2\"]{margin-bottom:45px;}}@media all and (max-width: 767px){.wp-block-kadence-advancedheading.kt-adv-heading35_2f080c-b2, .wp-block-kadence-advancedheading.kt-adv-heading35_2f080c-b2[data-kb-block=\"kb-adv-heading35_2f080c-b2\"]{padding-top:0px;margin-bottom:15px;}}<\/style>\n<h2 class=\"kt-adv-heading35_2f080c-b2 wp-block-kadence-advancedheading\" data-kb-block=\"kb-adv-heading35_2f080c-b2\">Fortacon Hallinto<\/h2>\n\n\n\n<p>Fortaco Group Holdco Oyj:n hallinto perustuu yrityksen yhti\u00f6j\u00e4rjestykseen, Suomen osakeyhti\u00f6lakiin sek\u00e4 Nasdaq Helsinki Oy:n s\u00e4\u00e4nt\u00f6ihin ja ohjeisiin. Joukkovelkakirjalainan liikkeeseenlaskijana yhti\u00f6 ei ole velvollinen noudattamaan Arvopaperimarkkinayhdistyksen yll\u00e4pit\u00e4m\u00e4\u00e4 Suomen listayhti\u00f6iden hallinnointikoodia. Yhti\u00f6 kuitenkin julkistaa vuosittain raportin hallinnointij\u00e4rjestelm\u00e4st\u00e4\u00e4n.<\/p>\n\n\n\n<p>Lis\u00e4ksi yritys noudattaa sen eettisi\u00e4 toimintaperiaatteita (Code of Conduct) ja muita yrityksen toimintamalleja. Fortacossa on my\u00f6s k\u00e4yt\u00f6ss\u00e4 j\u00e4rjestelm\u00e4llinen tapa hallita riskej\u00e4 ja v\u00e4\u00e4rink\u00e4yt\u00f6ksi\u00e4. <\/p>\n\n\n<style>.kadence-column35_da0122-52 > .kt-inside-inner-col{padding-bottom:var(--global-kb-spacing-sm, 1.5rem);}.kadence-column35_da0122-52 > .kt-inside-inner-col,.kadence-column35_da0122-52 > .kt-inside-inner-col:before{border-top-left-radius:0px;border-top-right-radius:0px;border-bottom-right-radius:0px;border-bottom-left-radius:0px;}.kadence-column35_da0122-52 > .kt-inside-inner-col{column-gap:var(--global-kb-gap-sm, 1rem);}.kadence-column35_da0122-52 > .kt-inside-inner-col{flex-direction:column;}.kadence-column35_da0122-52 > .kt-inside-inner-col > .aligncenter{width:100%;}.kadence-column35_da0122-52 > .kt-inside-inner-col:before{opacity:0.3;}.kadence-column35_da0122-52{position:relative;}@media all and (max-width: 1024px){.kadence-column35_da0122-52 > .kt-inside-inner-col{flex-direction:column;justify-content:center;}}@media all and (max-width: 767px){.kadence-column35_da0122-52 > .kt-inside-inner-col{flex-direction:column;justify-content:center;}}<\/style>\n<div class=\"wp-block-kadence-column kadence-column35_da0122-52\"><div class=\"kt-inside-inner-col\"><style>.wp-block-kadence-advancedheading.kt-adv-heading35_c3d03b-ed, .wp-block-kadence-advancedheading.kt-adv-heading35_c3d03b-ed[data-kb-block=\"kb-adv-heading35_c3d03b-ed\"]{margin-bottom:15px;font-size:17px;font-style:normal;}.wp-block-kadence-advancedheading.kt-adv-heading35_c3d03b-ed mark.kt-highlight, .wp-block-kadence-advancedheading.kt-adv-heading35_c3d03b-ed[data-kb-block=\"kb-adv-heading35_c3d03b-ed\"] mark.kt-highlight{font-style:normal;color:#f76a0c;-webkit-box-decoration-break:clone;box-decoration-break:clone;padding-top:0px;padding-right:0px;padding-bottom:0px;padding-left:0px;}.wp-block-kadence-advancedheading.kt-adv-heading35_c3d03b-ed img.kb-inline-image, .wp-block-kadence-advancedheading.kt-adv-heading35_c3d03b-ed[data-kb-block=\"kb-adv-heading35_c3d03b-ed\"] img.kb-inline-image{width:150px;vertical-align:baseline;}@media all and (max-width: 767px){.wp-block-kadence-advancedheading.kt-adv-heading35_c3d03b-ed, .wp-block-kadence-advancedheading.kt-adv-heading35_c3d03b-ed[data-kb-block=\"kb-adv-heading35_c3d03b-ed\"]{padding-top:0px;margin-bottom:15px;}}<\/style>\n<h2 id=\"auditor\" class=\"kt-adv-heading35_c3d03b-ed wp-block-kadence-advancedheading has-theme-palette-6-color has-text-color\" data-kb-block=\"kb-adv-heading35_c3d03b-ed\">Tilintarkastaja<\/h2>\n\n\n\n<p>Yhti\u00f6n lakis\u00e4\u00e4teisen\u00e4 tilintarkastajana toimii Ernst &amp; Young Oy ja p\u00e4\u00e4vastuullisena tilintarkastajana Anders Svennas, KHT.<\/p>\n<\/div><\/div>\n<\/div><\/div>\n","protected":false},"excerpt":{"rendered":"<p>Hallinto Fortacon Hallinto Fortaco Group Holdco Oyj:n hallinto perustuu yrityksen yhti\u00f6j\u00e4rjestykseen, Suomen osakeyhti\u00f6lakiin sek\u00e4 Nasdaq Helsinki Oy:n s\u00e4\u00e4nt\u00f6ihin ja ohjeisiin. Joukkovelkakirjalainan liikkeeseenlaskijana yhti\u00f6 ei ole velvollinen noudattamaan Arvopaperimarkkinayhdistyksen yll\u00e4pit\u00e4m\u00e4\u00e4 Suomen listayhti\u00f6iden hallinnointikoodia. Yhti\u00f6 kuitenkin julkistaa vuosittain raportin hallinnointij\u00e4rjestelm\u00e4st\u00e4\u00e4n. Lis\u00e4ksi yritys noudattaa sen eettisi\u00e4 toimintaperiaatteita (Code of Conduct) ja muita yrityksen toimintamalleja. Fortacossa on my\u00f6s k\u00e4yt\u00f6ss\u00e4&#8230;<\/p>\n","protected":false},"author":1,"featured_media":0,"parent":0,"menu_order":0,"comment_status":"closed","ping_status":"closed","template":"","meta":{"_acf_changed":false,"_kad_blocks_custom_css":"","_kad_blocks_head_custom_js":"","_kad_blocks_body_custom_js":"","_kad_blocks_footer_custom_js":"","_monsterinsights_skip_tracking":false,"_monsterinsights_sitenote_active":false,"_monsterinsights_sitenote_note":"","_monsterinsights_sitenote_category":0,"_kad_post_transparent":"","_kad_post_title":"","_kad_post_layout":"","_kad_post_sidebar_id":"","_kad_post_content_style":"","_kad_post_vertical_padding":"","_kad_post_feature":"","_kad_post_feature_position":"","_kad_post_header":false,"_kad_post_footer":false,"_kad_post_classname":"","footnotes":""},"class_list":["post-4450","page","type-page","status-publish","hentry"],"acf":[],"taxonomy_info":[],"featured_image_src_large":false,"author_info":{"display_name":"Fortaco","author_link":"https:\/\/investors.fortacogroup.com\/fi\/author\/clariable\/"},"comment_info":"","_links":{"self":[{"href":"https:\/\/investors.fortacogroup.com\/fi\/wp-json\/wp\/v2\/pages\/4450","targetHints":{"allow":["GET"]}}],"collection":[{"href":"https:\/\/investors.fortacogroup.com\/fi\/wp-json\/wp\/v2\/pages"}],"about":[{"href":"https:\/\/investors.fortacogroup.com\/fi\/wp-json\/wp\/v2\/types\/page"}],"author":[{"embeddable":true,"href":"https:\/\/investors.fortacogroup.com\/fi\/wp-json\/wp\/v2\/users\/1"}],"replies":[{"embeddable":true,"href":"https:\/\/investors.fortacogroup.com\/fi\/wp-json\/wp\/v2\/comments?post=4450"}],"version-history":[{"count":0,"href":"https:\/\/investors.fortacogroup.com\/fi\/wp-json\/wp\/v2\/pages\/4450\/revisions"}],"wp:attachment":[{"href":"https:\/\/investors.fortacogroup.com\/fi\/wp-json\/wp\/v2\/media?parent=4450"}],"curies":[{"name":"wp","href":"https:\/\/api.w.org\/{rel}","templated":true}]}}