{"id":3946,"date":"2023-03-06T15:02:37","date_gmt":"2023-03-06T13:02:37","guid":{"rendered":"https:\/\/investors.fortacogroup.com\/talous\/"},"modified":"2023-12-28T17:13:29","modified_gmt":"2023-12-28T15:13:29","slug":"financial","status":"publish","type":"page","link":"https:\/\/investors.fortacogroup.com\/fi\/financial\/","title":{"rendered":"Taloustietoa"},"content":{"rendered":"<style>.kb-row-layout-id33_148c06-de > .kt-row-column-wrap{align-content:start;}:where(.kb-row-layout-id33_148c06-de > .kt-row-column-wrap) > .wp-block-kadence-column{justify-content:start;}.kb-row-layout-id33_148c06-de > .kt-row-column-wrap{column-gap:var(--global-kb-gap-md, 2rem);row-gap:var(--global-kb-gap-md, 2rem);max-width:var( --global-content-width, 1200px );padding-left:var(--global-content-edge-padding);padding-right:var(--global-content-edge-padding);padding-top:95px;padding-bottom:95px;grid-template-columns:minmax(0, 1fr);}.kb-row-layout-id33_148c06-de{background-image:url('https:\/\/investors.fortacogroup.com\/wp-content\/uploads\/2023\/04\/fortaco-invest-sisaltokuva-2.jpg');background-size:cover;background-position:center center;background-attachment:scroll;background-repeat:no-repeat;}.kb-row-layout-id33_148c06-de > .kt-row-layout-overlay{opacity:0.30;}@media all and (max-width: 1024px){.kb-row-layout-id33_148c06-de > .kt-row-column-wrap{padding-top:95px;padding-bottom:95px;grid-template-columns:minmax(0, 1fr);}}@media all and (max-width: 767px){.kb-row-layout-id33_148c06-de > .kt-row-column-wrap{padding-top:50px;padding-bottom:50px;grid-template-columns:minmax(0, 1fr);}}<\/style><div class=\"kb-row-layout-wrap kb-row-layout-id33_148c06-de alignfull kt-row-has-bg wp-block-kadence-rowlayout\"><div class=\"kt-row-column-wrap kt-has-1-columns kt-row-layout-equal kt-tab-layout-inherit kt-mobile-layout-row kt-row-valign-top kb-theme-content-width\">\n<style>.kadence-column33_59b751-03 > .kt-inside-inner-col,.kadence-column33_59b751-03 > .kt-inside-inner-col:before{border-top-left-radius:0px;border-top-right-radius:0px;border-bottom-right-radius:0px;border-bottom-left-radius:0px;}.kadence-column33_59b751-03 > .kt-inside-inner-col{column-gap:var(--global-kb-gap-sm, 1rem);}.kadence-column33_59b751-03 > .kt-inside-inner-col{flex-direction:column;}.kadence-column33_59b751-03 > .kt-inside-inner-col > .aligncenter{width:100%;}.kadence-column33_59b751-03 > .kt-inside-inner-col:before{opacity:0.3;}.kadence-column33_59b751-03{position:relative;}@media all and (max-width: 1024px){.kadence-column33_59b751-03 > .kt-inside-inner-col{flex-direction:column;justify-content:center;}}@media all and (max-width: 767px){.kadence-column33_59b751-03 > .kt-inside-inner-col{flex-direction:column;justify-content:center;}}<\/style>\n<div class=\"wp-block-kadence-column kadence-column33_59b751-03\"><div class=\"kt-inside-inner-col\"><style>.wp-block-kadence-advancedheading.kt-adv-heading33_8fa191-9e, .wp-block-kadence-advancedheading.kt-adv-heading33_8fa191-9e[data-kb-block=\"kb-adv-heading33_8fa191-9e\"]{font-style:normal;}.wp-block-kadence-advancedheading.kt-adv-heading33_8fa191-9e mark.kt-highlight, .wp-block-kadence-advancedheading.kt-adv-heading33_8fa191-9e[data-kb-block=\"kb-adv-heading33_8fa191-9e\"] mark.kt-highlight{font-style:normal;color:#f76a0c;-webkit-box-decoration-break:clone;box-decoration-break:clone;padding-top:0px;padding-right:0px;padding-bottom:0px;padding-left:0px;}.wp-block-kadence-advancedheading.kt-adv-heading33_8fa191-9e img.kb-inline-image, .wp-block-kadence-advancedheading.kt-adv-heading33_8fa191-9e[data-kb-block=\"kb-adv-heading33_8fa191-9e\"] img.kb-inline-image{width:150px;vertical-align:baseline;}<\/style>\n<h1 class=\"kt-adv-heading33_8fa191-9e wp-block-kadence-advancedheading\" data-kb-block=\"kb-adv-heading33_8fa191-9e\">Taloustietoa<\/h1>\n<\/div><\/div>\n\n<\/div><\/div><style>.kb-row-layout-id33_d267b9-97 > .kt-row-column-wrap{align-content:start;}:where(.kb-row-layout-id33_d267b9-97 > .kt-row-column-wrap) > .wp-block-kadence-column{justify-content:start;}.kb-row-layout-id33_d267b9-97 > .kt-row-column-wrap{column-gap:var(--global-kb-gap-md, 2rem);row-gap:var(--global-kb-gap-md, 2rem);max-width:var( --global-content-width, 1200px );padding-left:var(--global-content-edge-padding);padding-right:var(--global-content-edge-padding);padding-top:115px;padding-bottom:80px;padding-left:0px;grid-template-columns:minmax(0, calc(50% - ((var(--global-kb-gap-md, 2rem) * 1 )\/2)))minmax(0, calc(50% - ((var(--global-kb-gap-md, 2rem) * 1 )\/2)));}.kb-row-layout-id33_d267b9-97 > .kt-row-layout-overlay{opacity:0.30;}@media all and (max-width: 1024px){.kb-row-layout-id33_d267b9-97 > .kt-row-column-wrap{padding-bottom:100px;grid-template-columns:repeat(2, minmax(0, 1fr));}}@media all and (max-width: 767px){.kb-row-layout-id33_d267b9-97 > .kt-row-column-wrap{row-gap:var(--global-kb-gap-none, 0rem );padding-top:50px;padding-right:0px;padding-bottom:50px;grid-template-columns:minmax(0, 1fr);}}<\/style><div class=\"kb-row-layout-wrap kb-row-layout-id33_d267b9-97 alignnone wp-block-kadence-rowlayout\"><div class=\"kt-row-column-wrap kt-has-2-columns kt-row-layout-equal kt-tab-layout-inherit kt-mobile-layout-row kt-row-valign-top kb-theme-content-width\">\n<style>.kadence-column33_cf7031-89 > .kt-inside-inner-col,.kadence-column33_cf7031-89 > .kt-inside-inner-col:before{border-top-left-radius:0px;border-top-right-radius:0px;border-bottom-right-radius:0px;border-bottom-left-radius:0px;}.kadence-column33_cf7031-89 > .kt-inside-inner-col{column-gap:var(--global-kb-gap-sm, 1rem);}.kadence-column33_cf7031-89 > .kt-inside-inner-col{flex-direction:column;}.kadence-column33_cf7031-89 > .kt-inside-inner-col > .aligncenter{width:100%;}.kadence-column33_cf7031-89 > .kt-inside-inner-col:before{opacity:0.3;}.kadence-column33_cf7031-89{position:relative;}@media all and (max-width: 1024px){.kadence-column33_cf7031-89 > .kt-inside-inner-col{flex-direction:column;justify-content:center;}}@media all and (max-width: 767px){.kadence-column33_cf7031-89 > .kt-inside-inner-col{flex-direction:column;justify-content:center;}}<\/style>\n<div class=\"wp-block-kadence-column kadence-column33_cf7031-89\"><div class=\"kt-inside-inner-col\"><style>.wp-block-kadence-advancedheading.kt-adv-heading33_e95f17-c7, .wp-block-kadence-advancedheading.kt-adv-heading33_e95f17-c7[data-kb-block=\"kb-adv-heading33_e95f17-c7\"]{padding-right:120px;margin-top:-10px;font-style:normal;}.wp-block-kadence-advancedheading.kt-adv-heading33_e95f17-c7 mark.kt-highlight, .wp-block-kadence-advancedheading.kt-adv-heading33_e95f17-c7[data-kb-block=\"kb-adv-heading33_e95f17-c7\"] mark.kt-highlight{font-style:normal;color:#f76a0c;-webkit-box-decoration-break:clone;box-decoration-break:clone;padding-top:0px;padding-right:0px;padding-bottom:0px;padding-left:0px;}.wp-block-kadence-advancedheading.kt-adv-heading33_e95f17-c7 img.kb-inline-image, .wp-block-kadence-advancedheading.kt-adv-heading33_e95f17-c7[data-kb-block=\"kb-adv-heading33_e95f17-c7\"] img.kb-inline-image{width:150px;vertical-align:baseline;}@media all and (max-width: 1024px){.wp-block-kadence-advancedheading.kt-adv-heading33_e95f17-c7, .wp-block-kadence-advancedheading.kt-adv-heading33_e95f17-c7[data-kb-block=\"kb-adv-heading33_e95f17-c7\"]{padding-right:0px;}}<\/style>\n<h2 class=\"kt-adv-heading33_e95f17-c7 wp-block-kadence-advancedheading\" data-kb-block=\"kb-adv-heading33_e95f17-c7\"><strong>Fortacon markkina-asema on vahva.<\/strong><\/h2>\n\n\n<style>.wp-block-kadence-advancedheading.kt-adv-heading33_cb5e7a-1f, .wp-block-kadence-advancedheading.kt-adv-heading33_cb5e7a-1f[data-kb-block=\"kb-adv-heading33_cb5e7a-1f\"]{padding-right:60px;margin-bottom:30px;font-style:normal;}.wp-block-kadence-advancedheading.kt-adv-heading33_cb5e7a-1f mark.kt-highlight, .wp-block-kadence-advancedheading.kt-adv-heading33_cb5e7a-1f[data-kb-block=\"kb-adv-heading33_cb5e7a-1f\"] mark.kt-highlight{font-style:normal;color:#f76a0c;-webkit-box-decoration-break:clone;box-decoration-break:clone;padding-top:0px;padding-right:0px;padding-bottom:0px;padding-left:0px;}.wp-block-kadence-advancedheading.kt-adv-heading33_cb5e7a-1f img.kb-inline-image, .wp-block-kadence-advancedheading.kt-adv-heading33_cb5e7a-1f[data-kb-block=\"kb-adv-heading33_cb5e7a-1f\"] img.kb-inline-image{width:150px;vertical-align:baseline;}@media all and (max-width: 767px){.wp-block-kadence-advancedheading.kt-adv-heading33_cb5e7a-1f, .wp-block-kadence-advancedheading.kt-adv-heading33_cb5e7a-1f[data-kb-block=\"kb-adv-heading33_cb5e7a-1f\"]{padding-right:0px;padding-bottom:0px;margin-bottom:var(--global-kb-spacing-xs, 1rem);}}<\/style>\n<p class=\"kt-adv-heading33_cb5e7a-1f wp-block-kadence-advancedheading\" data-kb-block=\"kb-adv-heading33_cb5e7a-1f\">Meill\u00e4 on vahva asema kasvavilla ja eritt\u00e4in pirstoutuneilla markkinoilla. Markkinat, joilla toimimme &#8211; kokoonpano, ty\u00f6koneiden ohjaamot, hitsatut ter\u00e4skompponentit &#8211; ovat t\u00e4ynn\u00e4 pieni\u00e4 paikallisia kilpailijoita, joilla ei ole OEM-valmistajien vaatimaa kapasiteettia ja mittakaavaetua.<\/p>\n\n\n<style>.wp-block-kadence-advancedheading.kt-adv-heading33_843729-7b, .wp-block-kadence-advancedheading.kt-adv-heading33_843729-7b[data-kb-block=\"kb-adv-heading33_843729-7b\"]{padding-right:60px;margin-bottom:30px;font-style:normal;}.wp-block-kadence-advancedheading.kt-adv-heading33_843729-7b mark.kt-highlight, .wp-block-kadence-advancedheading.kt-adv-heading33_843729-7b[data-kb-block=\"kb-adv-heading33_843729-7b\"] mark.kt-highlight{font-style:normal;color:#f76a0c;-webkit-box-decoration-break:clone;box-decoration-break:clone;padding-top:0px;padding-right:0px;padding-bottom:0px;padding-left:0px;}.wp-block-kadence-advancedheading.kt-adv-heading33_843729-7b img.kb-inline-image, .wp-block-kadence-advancedheading.kt-adv-heading33_843729-7b[data-kb-block=\"kb-adv-heading33_843729-7b\"] img.kb-inline-image{width:150px;vertical-align:baseline;}@media all and (max-width: 767px){.wp-block-kadence-advancedheading.kt-adv-heading33_843729-7b, .wp-block-kadence-advancedheading.kt-adv-heading33_843729-7b[data-kb-block=\"kb-adv-heading33_843729-7b\"]{padding-right:0px;padding-bottom:0px;margin-bottom:var(--global-kb-spacing-xs, 1rem);}}<\/style>\n<p class=\"kt-adv-heading33_843729-7b wp-block-kadence-advancedheading\" data-kb-block=\"kb-adv-heading33_843729-7b\">Autoteollisuuden OEM-valmistajat m\u00e4\u00e4rittelev\u00e4t parhaillaan uutta ydinosaamistaan, jota ohjaavat megatrendit, kuten digitalisaatio ja s\u00e4hk\u00f6istys. N\u00e4m\u00e4 lis\u00e4\u00e4v\u00e4t ulkoistamistarvetta Tier 1- ja Tier 0.5 -kumppaneille. Raskaiden ty\u00f6koneiden OEM-valmistajien odotetaan seuraavan samaa kehityst\u00e4.<\/p>\n\n\n<style>.wp-block-kadence-advancedheading.kt-adv-heading33_73a48d-cc, .wp-block-kadence-advancedheading.kt-adv-heading33_73a48d-cc[data-kb-block=\"kb-adv-heading33_73a48d-cc\"]{padding-right:60px;margin-bottom:40px;font-style:normal;}.wp-block-kadence-advancedheading.kt-adv-heading33_73a48d-cc mark.kt-highlight, .wp-block-kadence-advancedheading.kt-adv-heading33_73a48d-cc[data-kb-block=\"kb-adv-heading33_73a48d-cc\"] mark.kt-highlight{font-style:normal;color:#f76a0c;-webkit-box-decoration-break:clone;box-decoration-break:clone;padding-top:0px;padding-right:0px;padding-bottom:0px;padding-left:0px;}.wp-block-kadence-advancedheading.kt-adv-heading33_73a48d-cc img.kb-inline-image, .wp-block-kadence-advancedheading.kt-adv-heading33_73a48d-cc[data-kb-block=\"kb-adv-heading33_73a48d-cc\"] img.kb-inline-image{width:150px;vertical-align:baseline;}@media all and (max-width: 767px){.wp-block-kadence-advancedheading.kt-adv-heading33_73a48d-cc, .wp-block-kadence-advancedheading.kt-adv-heading33_73a48d-cc[data-kb-block=\"kb-adv-heading33_73a48d-cc\"]{padding-right:0px;padding-bottom:0px;margin-bottom:var(--global-kb-spacing-xs, 1rem);}}<\/style>\n<p class=\"kt-adv-heading33_73a48d-cc wp-block-kadence-advancedheading\" data-kb-block=\"kb-adv-heading33_73a48d-cc\">Fortaco on teknologiapalveluiden ja nollap\u00e4\u00e4st\u00f6ratkaisujen edell\u00e4k\u00e4vij\u00e4. Erotumme kilpailijoista ainutlaatuisilla konsepteilla ja digitalisaatiolla sek\u00e4 automaatiota hy\u00f6dynt\u00e4en. Edell\u00e4k\u00e4vij\u00e4n asema tuottaa meille sek\u00e4 asiakkaillemme merkitt\u00e4v\u00e4\u00e4 kilpailuetua pitk\u00e4ll\u00e4 aikav\u00e4lill\u00e4.<\/p>\n<\/div><\/div>\n\n\n<style>.kadence-column33_437b37-ee > .kt-inside-inner-col,.kadence-column33_437b37-ee > .kt-inside-inner-col:before{border-top-left-radius:0px;border-top-right-radius:0px;border-bottom-right-radius:0px;border-bottom-left-radius:0px;}.kadence-column33_437b37-ee > .kt-inside-inner-col{column-gap:var(--global-kb-gap-sm, 1rem);}.kadence-column33_437b37-ee > .kt-inside-inner-col{flex-direction:column;}.kadence-column33_437b37-ee > .kt-inside-inner-col > .aligncenter{width:100%;}.kadence-column33_437b37-ee > .kt-inside-inner-col:before{opacity:0.3;}.kadence-column33_437b37-ee{position:relative;}@media all and (max-width: 1024px){.kadence-column33_437b37-ee > .kt-inside-inner-col{flex-direction:column;justify-content:center;}}@media all and (max-width: 767px){.kadence-column33_437b37-ee > .kt-inside-inner-col{padding-top:30px;flex-direction:column;justify-content:center;}}<\/style>\n<div class=\"wp-block-kadence-column kadence-column33_437b37-ee\"><div class=\"kt-inside-inner-col\"><style>.kb-image33_60d057-b8 .kb-image-has-overlay:after{opacity:0.3;}<\/style>\n<figure class=\"wp-block-kadence-image kb-image33_60d057-b8 size-large\"><img loading=\"lazy\" decoding=\"async\" width=\"1024\" height=\"1024\" src=\"https:\/\/investors.fortacogroup.com\/wp-content\/uploads\/2023\/05\/Financial-Fortaco-photo-1024x1024.jpeg\" alt=\"Keltaisen langan kela mustavalkoisella taustalla.\" class=\"kb-img wp-image-3854\" srcset=\"https:\/\/investors.fortacogroup.com\/wp-content\/uploads\/2023\/05\/Financial-Fortaco-photo-1024x1024.jpeg 1024w, https:\/\/investors.fortacogroup.com\/wp-content\/uploads\/2023\/05\/Financial-Fortaco-photo-300x300.jpeg 300w, https:\/\/investors.fortacogroup.com\/wp-content\/uploads\/2023\/05\/Financial-Fortaco-photo-150x150.jpeg 150w, https:\/\/investors.fortacogroup.com\/wp-content\/uploads\/2023\/05\/Financial-Fortaco-photo-768x768.jpeg 768w, https:\/\/investors.fortacogroup.com\/wp-content\/uploads\/2023\/05\/Financial-Fortaco-photo.jpeg 1500w\" sizes=\"auto, (max-width: 1024px) 100vw, 1024px\" \/><\/figure>\n<\/div><\/div>\n\n<\/div><\/div>","protected":false},"excerpt":{"rendered":"<p>Taloustietoa Fortacon markkina-asema on vahva. Meill\u00e4 on vahva asema kasvavilla ja eritt\u00e4in pirstoutuneilla markkinoilla. Markkinat, joilla toimimme &#8211; kokoonpano, ty\u00f6koneiden ohjaamot, hitsatut ter\u00e4skompponentit &#8211; ovat t\u00e4ynn\u00e4 pieni\u00e4 paikallisia kilpailijoita, joilla ei ole OEM-valmistajien vaatimaa kapasiteettia ja mittakaavaetua. Autoteollisuuden OEM-valmistajat m\u00e4\u00e4rittelev\u00e4t parhaillaan uutta ydinosaamistaan, jota ohjaavat megatrendit, kuten digitalisaatio ja s\u00e4hk\u00f6istys. N\u00e4m\u00e4 lis\u00e4\u00e4v\u00e4t ulkoistamistarvetta Tier 1-&#8230;<\/p>\n","protected":false},"author":1,"featured_media":0,"parent":0,"menu_order":0,"comment_status":"closed","ping_status":"closed","template":"","meta":{"_acf_changed":false,"_kad_blocks_custom_css":"","_kad_blocks_head_custom_js":"","_kad_blocks_body_custom_js":"","_kad_blocks_footer_custom_js":"","_monsterinsights_skip_tracking":false,"_monsterinsights_sitenote_active":false,"_monsterinsights_sitenote_note":"","_monsterinsights_sitenote_category":0,"_kad_post_transparent":"","_kad_post_title":"","_kad_post_layout":"","_kad_post_sidebar_id":"","_kad_post_content_style":"","_kad_post_vertical_padding":"","_kad_post_feature":"","_kad_post_feature_position":"","_kad_post_header":false,"_kad_post_footer":false,"_kad_post_classname":"","footnotes":""},"class_list":["post-3946","page","type-page","status-publish","hentry"],"acf":[],"taxonomy_info":[],"featured_image_src_large":false,"author_info":{"display_name":"Fortaco","author_link":"https:\/\/investors.fortacogroup.com\/fi\/author\/clariable\/"},"comment_info":"","_links":{"self":[{"href":"https:\/\/investors.fortacogroup.com\/fi\/wp-json\/wp\/v2\/pages\/3946","targetHints":{"allow":["GET"]}}],"collection":[{"href":"https:\/\/investors.fortacogroup.com\/fi\/wp-json\/wp\/v2\/pages"}],"about":[{"href":"https:\/\/investors.fortacogroup.com\/fi\/wp-json\/wp\/v2\/types\/page"}],"author":[{"embeddable":true,"href":"https:\/\/investors.fortacogroup.com\/fi\/wp-json\/wp\/v2\/users\/1"}],"replies":[{"embeddable":true,"href":"https:\/\/investors.fortacogroup.com\/fi\/wp-json\/wp\/v2\/comments?post=3946"}],"version-history":[{"count":0,"href":"https:\/\/investors.fortacogroup.com\/fi\/wp-json\/wp\/v2\/pages\/3946\/revisions"}],"wp:attachment":[{"href":"https:\/\/investors.fortacogroup.com\/fi\/wp-json\/wp\/v2\/media?parent=3946"}],"curies":[{"name":"wp","href":"https:\/\/api.w.org\/{rel}","templated":true}]}}