{"id":3912,"date":"2023-03-06T15:33:41","date_gmt":"2023-03-06T13:33:41","guid":{"rendered":"https:\/\/investors.fortacogroup.com\/avainluvut\/"},"modified":"2026-03-23T13:43:24","modified_gmt":"2026-03-23T11:43:24","slug":"key-figures","status":"publish","type":"page","link":"https:\/\/investors.fortacogroup.com\/fi\/key-figures\/","title":{"rendered":"Avainluvut"},"content":{"rendered":"<style>.kb-row-layout-id3912_e1896f-fa > .kt-row-column-wrap{align-content:start;}:where(.kb-row-layout-id3912_e1896f-fa > .kt-row-column-wrap) > .wp-block-kadence-column{justify-content:start;}.kb-row-layout-id3912_e1896f-fa > .kt-row-column-wrap{column-gap:var(--global-kb-gap-md, 2rem);row-gap:var(--global-kb-gap-md, 2rem);max-width:var( --global-content-width, 1200px );padding-left:var(--global-content-edge-padding);padding-right:var(--global-content-edge-padding);padding-top:95px;padding-bottom:95px;grid-template-columns:minmax(0, 1fr);}.kb-row-layout-id3912_e1896f-fa{background-image:url('https:\/\/investors.fortacogroup.com\/wp-content\/uploads\/2023\/04\/fortaco-invest-sisaltokuva-2.jpg');background-size:cover;background-position:center center;background-attachment:scroll;background-repeat:no-repeat;}.kb-row-layout-id3912_e1896f-fa > .kt-row-layout-overlay{opacity:0.30;}@media all and (max-width: 1024px){.kb-row-layout-id3912_e1896f-fa > .kt-row-column-wrap{padding-top:95px;padding-bottom:95px;grid-template-columns:minmax(0, 1fr);}}@media all and (max-width: 767px){.kb-row-layout-id3912_e1896f-fa > .kt-row-column-wrap{padding-top:50px;padding-bottom:50px;grid-template-columns:minmax(0, 1fr);}}<\/style><div class=\"kb-row-layout-wrap kb-row-layout-id3912_e1896f-fa alignfull kt-row-has-bg wp-block-kadence-rowlayout\"><div class=\"kt-row-column-wrap kt-has-1-columns kt-row-layout-equal kt-tab-layout-inherit kt-mobile-layout-row kt-row-valign-top kb-theme-content-width\">\n<style>.kadence-column3912_857c73-ae > .kt-inside-inner-col,.kadence-column3912_857c73-ae > .kt-inside-inner-col:before{border-top-left-radius:0px;border-top-right-radius:0px;border-bottom-right-radius:0px;border-bottom-left-radius:0px;}.kadence-column3912_857c73-ae > .kt-inside-inner-col{column-gap:var(--global-kb-gap-sm, 1rem);}.kadence-column3912_857c73-ae > .kt-inside-inner-col{flex-direction:column;}.kadence-column3912_857c73-ae > .kt-inside-inner-col > .aligncenter{width:100%;}.kadence-column3912_857c73-ae > .kt-inside-inner-col:before{opacity:0.3;}.kadence-column3912_857c73-ae{position:relative;}@media all and (max-width: 1024px){.kadence-column3912_857c73-ae > .kt-inside-inner-col{flex-direction:column;justify-content:center;}}@media all and (max-width: 767px){.kadence-column3912_857c73-ae > .kt-inside-inner-col{flex-direction:column;justify-content:center;}}<\/style>\n<div class=\"wp-block-kadence-column kadence-column3912_857c73-ae\"><div class=\"kt-inside-inner-col\"><style>.wp-block-kadence-advancedheading.kt-adv-heading3912_b4b426-af, .wp-block-kadence-advancedheading.kt-adv-heading3912_b4b426-af[data-kb-block=\"kb-adv-heading3912_b4b426-af\"]{font-style:normal;}.wp-block-kadence-advancedheading.kt-adv-heading3912_b4b426-af mark.kt-highlight, .wp-block-kadence-advancedheading.kt-adv-heading3912_b4b426-af[data-kb-block=\"kb-adv-heading3912_b4b426-af\"] mark.kt-highlight{font-style:normal;color:#f76a0c;-webkit-box-decoration-break:clone;box-decoration-break:clone;padding-top:0px;padding-right:0px;padding-bottom:0px;padding-left:0px;}.wp-block-kadence-advancedheading.kt-adv-heading3912_b4b426-af img.kb-inline-image, .wp-block-kadence-advancedheading.kt-adv-heading3912_b4b426-af[data-kb-block=\"kb-adv-heading3912_b4b426-af\"] img.kb-inline-image{width:150px;vertical-align:baseline;}<\/style>\n<h1 class=\"kt-adv-heading3912_b4b426-af wp-block-kadence-advancedheading\" data-kb-block=\"kb-adv-heading3912_b4b426-af\">Avainluvut<\/h1>\n<\/div><\/div>\n\n<\/div><\/div>\n\n<style>.kb-row-layout-id3912_2693dd-54 > .kt-row-column-wrap{align-content:start;}:where(.kb-row-layout-id3912_2693dd-54 > .kt-row-column-wrap) > .wp-block-kadence-column{justify-content:start;}.kb-row-layout-id3912_2693dd-54 > .kt-row-column-wrap{column-gap:var(--global-kb-gap-md, 2rem);row-gap:var(--global-kb-gap-md, 2rem);max-width:var( --global-content-width, 1200px );padding-left:var(--global-content-edge-padding);padding-right:var(--global-content-edge-padding);padding-top:90px;padding-right:20px;padding-bottom:125px;padding-left:20px;grid-template-columns:minmax(0, 1fr);}.kb-row-layout-id3912_2693dd-54 > .kt-row-layout-overlay{opacity:0.30;}@media all and (max-width: 1024px){.kb-row-layout-id3912_2693dd-54 > .kt-row-column-wrap{padding-top:100px;padding-right:20px;padding-bottom:170px;padding-left:20px;grid-template-columns:minmax(0, 1fr);}}@media all and (max-width: 767px){.kb-row-layout-wrap.wp-block-kadence-rowlayout.kb-row-layout-id3912_2693dd-54{margin-bottom:0px;}.kb-row-layout-id3912_2693dd-54 > .kt-row-column-wrap{padding-top:50px;padding-right:20px;padding-bottom:50px;padding-left:20px;grid-template-columns:minmax(0, 1fr);}}<\/style><div class=\"kb-row-layout-wrap kb-row-layout-id3912_2693dd-54 alignfull wp-block-kadence-rowlayout\"><div class=\"kt-row-column-wrap kt-has-1-columns kt-row-layout-equal kt-tab-layout-inherit kt-mobile-layout-row kt-row-valign-top kb-theme-content-width\">\n<style>.kadence-column3912_e5cdc0-b6 > .kt-inside-inner-col,.kadence-column3912_e5cdc0-b6 > .kt-inside-inner-col:before{border-top-left-radius:0px;border-top-right-radius:0px;border-bottom-right-radius:0px;border-bottom-left-radius:0px;}.kadence-column3912_e5cdc0-b6 > .kt-inside-inner-col{column-gap:var(--global-kb-gap-sm, 1rem);}.kadence-column3912_e5cdc0-b6 > .kt-inside-inner-col{flex-direction:column;}.kadence-column3912_e5cdc0-b6 > .kt-inside-inner-col > .aligncenter{width:100%;}.kadence-column3912_e5cdc0-b6 > .kt-inside-inner-col:before{opacity:0.3;}.kadence-column3912_e5cdc0-b6{position:relative;}@media all and (max-width: 1024px){.kadence-column3912_e5cdc0-b6 > .kt-inside-inner-col{flex-direction:column;justify-content:center;}}@media all and (max-width: 767px){.kadence-column3912_e5cdc0-b6 > .kt-inside-inner-col{flex-direction:column;justify-content:center;}}<\/style>\n<div class=\"wp-block-kadence-column kadence-column3912_e5cdc0-b6\"><div class=\"kt-inside-inner-col\"><style>.wp-block-kadence-advancedheading.kt-adv-heading3912_ecce03-ab, .wp-block-kadence-advancedheading.kt-adv-heading3912_ecce03-ab[data-kb-block=\"kb-adv-heading3912_ecce03-ab\"]{padding-top:15px;margin-bottom:15px;font-style:normal;}.wp-block-kadence-advancedheading.kt-adv-heading3912_ecce03-ab mark.kt-highlight, .wp-block-kadence-advancedheading.kt-adv-heading3912_ecce03-ab[data-kb-block=\"kb-adv-heading3912_ecce03-ab\"] mark.kt-highlight{font-style:normal;color:#f76a0c;-webkit-box-decoration-break:clone;box-decoration-break:clone;padding-top:0px;padding-right:0px;padding-bottom:0px;padding-left:0px;}.wp-block-kadence-advancedheading.kt-adv-heading3912_ecce03-ab img.kb-inline-image, .wp-block-kadence-advancedheading.kt-adv-heading3912_ecce03-ab[data-kb-block=\"kb-adv-heading3912_ecce03-ab\"] img.kb-inline-image{width:150px;vertical-align:baseline;}@media all and (max-width: 1024px){.wp-block-kadence-advancedheading.kt-adv-heading3912_ecce03-ab, .wp-block-kadence-advancedheading.kt-adv-heading3912_ecce03-ab[data-kb-block=\"kb-adv-heading3912_ecce03-ab\"]{margin-bottom:45px;}}@media all and (max-width: 767px){.wp-block-kadence-advancedheading.kt-adv-heading3912_ecce03-ab, .wp-block-kadence-advancedheading.kt-adv-heading3912_ecce03-ab[data-kb-block=\"kb-adv-heading3912_ecce03-ab\"]{margin-bottom:15px;}}<\/style>\n<h2 class=\"kt-adv-heading3912_ecce03-ab wp-block-kadence-advancedheading\" data-kb-block=\"kb-adv-heading3912_ecce03-ab\"><strong>Taloudelliset tavoitteet<\/strong><\/h2>\n\n\n<style>.wp-block-kadence-advancedheading.kt-adv-heading3912_1e5bf3-d9, .wp-block-kadence-advancedheading.kt-adv-heading3912_1e5bf3-d9[data-kb-block=\"kb-adv-heading3912_1e5bf3-d9\"]{padding-top:0px;margin-bottom:30px;font-style:normal;text-transform:none;}.wp-block-kadence-advancedheading.kt-adv-heading3912_1e5bf3-d9 mark.kt-highlight, .wp-block-kadence-advancedheading.kt-adv-heading3912_1e5bf3-d9[data-kb-block=\"kb-adv-heading3912_1e5bf3-d9\"] mark.kt-highlight{font-style:normal;color:#f76a0c;-webkit-box-decoration-break:clone;box-decoration-break:clone;padding-top:0px;padding-right:0px;padding-bottom:0px;padding-left:0px;}.wp-block-kadence-advancedheading.kt-adv-heading3912_1e5bf3-d9 img.kb-inline-image, .wp-block-kadence-advancedheading.kt-adv-heading3912_1e5bf3-d9[data-kb-block=\"kb-adv-heading3912_1e5bf3-d9\"] img.kb-inline-image{width:150px;vertical-align:baseline;}@media all and (max-width: 1024px){.wp-block-kadence-advancedheading.kt-adv-heading3912_1e5bf3-d9, .wp-block-kadence-advancedheading.kt-adv-heading3912_1e5bf3-d9[data-kb-block=\"kb-adv-heading3912_1e5bf3-d9\"]{margin-bottom:0px;}}@media all and (max-width: 767px){.wp-block-kadence-advancedheading.kt-adv-heading3912_1e5bf3-d9, .wp-block-kadence-advancedheading.kt-adv-heading3912_1e5bf3-d9[data-kb-block=\"kb-adv-heading3912_1e5bf3-d9\"]{margin-bottom:0px;}}<\/style>\n<p class=\"kt-adv-heading3912_1e5bf3-d9 wp-block-kadence-advancedheading\" data-kb-block=\"kb-adv-heading3912_1e5bf3-d9\">Fortacon tavoitteena on yli 7% liikevoitto ennen kertaeri\u00e4 ja ennen aineettomien omaisuuksien poistoja sek\u00e4 yli 20% sidotun p\u00e4\u00e4oman tuotto yli markkinasyklien.<\/p>\n\n\n<style>.wp-block-kadence-advancedheading.kt-adv-heading3912_04d134-06, .wp-block-kadence-advancedheading.kt-adv-heading3912_04d134-06[data-kb-block=\"kb-adv-heading3912_04d134-06\"]{padding-top:30px;margin-bottom:15px;font-style:normal;}.wp-block-kadence-advancedheading.kt-adv-heading3912_04d134-06 mark.kt-highlight, .wp-block-kadence-advancedheading.kt-adv-heading3912_04d134-06[data-kb-block=\"kb-adv-heading3912_04d134-06\"] mark.kt-highlight{font-style:normal;color:#f76a0c;-webkit-box-decoration-break:clone;box-decoration-break:clone;padding-top:0px;padding-right:0px;padding-bottom:0px;padding-left:0px;}.wp-block-kadence-advancedheading.kt-adv-heading3912_04d134-06 img.kb-inline-image, .wp-block-kadence-advancedheading.kt-adv-heading3912_04d134-06[data-kb-block=\"kb-adv-heading3912_04d134-06\"] img.kb-inline-image{width:150px;vertical-align:baseline;}@media all and (max-width: 1024px){.wp-block-kadence-advancedheading.kt-adv-heading3912_04d134-06, .wp-block-kadence-advancedheading.kt-adv-heading3912_04d134-06[data-kb-block=\"kb-adv-heading3912_04d134-06\"]{margin-bottom:45px;}}@media all and (max-width: 767px){.wp-block-kadence-advancedheading.kt-adv-heading3912_04d134-06, .wp-block-kadence-advancedheading.kt-adv-heading3912_04d134-06[data-kb-block=\"kb-adv-heading3912_04d134-06\"]{margin-bottom:15px;}}<\/style>\n<h2 class=\"kt-adv-heading3912_04d134-06 wp-block-kadence-advancedheading\" data-kb-block=\"kb-adv-heading3912_04d134-06\"><strong><strong>Fortaco-konsernin avainluvut<\/strong><\/strong><\/h2>\n\n\n<style>.kadence-column3912_dbeb32-d8 > .kt-inside-inner-col,.kadence-column3912_dbeb32-d8 > .kt-inside-inner-col:before{border-top-left-radius:0px;border-top-right-radius:0px;border-bottom-right-radius:0px;border-bottom-left-radius:0px;}.kadence-column3912_dbeb32-d8 > .kt-inside-inner-col{column-gap:var(--global-kb-gap-sm, 1rem);}.kadence-column3912_dbeb32-d8 > .kt-inside-inner-col{flex-direction:column;}.kadence-column3912_dbeb32-d8 > .kt-inside-inner-col > .aligncenter{width:100%;}.kadence-column3912_dbeb32-d8 > .kt-inside-inner-col:before{opacity:0.3;}.kadence-column3912_dbeb32-d8{position:relative;}@media all and (max-width: 1024px){.kadence-column3912_dbeb32-d8 > .kt-inside-inner-col{flex-direction:column;justify-content:center;}}@media all and (max-width: 767px){.kadence-column3912_dbeb32-d8 > .kt-inside-inner-col{flex-direction:column;justify-content:center;}}<\/style>\n<div class=\"wp-block-kadence-column kadence-column3912_dbeb32-d8 kvs-lg-false\"><div class=\"kt-inside-inner-col\"><style>.wp-block-kadence-advancedheading.kt-adv-heading3912_fd77f0-72, .wp-block-kadence-advancedheading.kt-adv-heading3912_fd77f0-72[data-kb-block=\"kb-adv-heading3912_fd77f0-72\"]{padding-top:0px;margin-bottom:30px;font-style:normal;text-transform:none;}.wp-block-kadence-advancedheading.kt-adv-heading3912_fd77f0-72 mark.kt-highlight, .wp-block-kadence-advancedheading.kt-adv-heading3912_fd77f0-72[data-kb-block=\"kb-adv-heading3912_fd77f0-72\"] mark.kt-highlight{font-style:normal;color:#f76a0c;-webkit-box-decoration-break:clone;box-decoration-break:clone;padding-top:0px;padding-right:0px;padding-bottom:0px;padding-left:0px;}.wp-block-kadence-advancedheading.kt-adv-heading3912_fd77f0-72 img.kb-inline-image, .wp-block-kadence-advancedheading.kt-adv-heading3912_fd77f0-72[data-kb-block=\"kb-adv-heading3912_fd77f0-72\"] img.kb-inline-image{width:150px;vertical-align:baseline;}@media all and (max-width: 1024px){.wp-block-kadence-advancedheading.kt-adv-heading3912_fd77f0-72, .wp-block-kadence-advancedheading.kt-adv-heading3912_fd77f0-72[data-kb-block=\"kb-adv-heading3912_fd77f0-72\"]{margin-bottom:0px;}}@media all and (max-width: 767px){.wp-block-kadence-advancedheading.kt-adv-heading3912_fd77f0-72, .wp-block-kadence-advancedheading.kt-adv-heading3912_fd77f0-72[data-kb-block=\"kb-adv-heading3912_fd77f0-72\"]{margin-bottom:0px;}}<\/style>\n<p class=\"kt-adv-heading3912_fd77f0-72 wp-block-kadence-advancedheading\" data-kb-block=\"kb-adv-heading3912_fd77f0-72\">Pyyhk\u00e4ise vasemmalle n\u00e4hd\u00e4ksesi lis\u00e4\u00e4<\/p>\n<\/div><\/div>\n\n\n<style>.kadence-column3912_c64a89-81 > .kt-inside-inner-col,.kadence-column3912_c64a89-81 > .kt-inside-inner-col:before{border-top-left-radius:0px;border-top-right-radius:0px;border-bottom-right-radius:0px;border-bottom-left-radius:0px;}.kadence-column3912_c64a89-81 > .kt-inside-inner-col{column-gap:var(--global-kb-gap-sm, 1rem);}.kadence-column3912_c64a89-81 > .kt-inside-inner-col{flex-direction:column;}.kadence-column3912_c64a89-81 > .kt-inside-inner-col > .aligncenter{width:100%;}.kadence-column3912_c64a89-81 > .kt-inside-inner-col:before{opacity:0.3;}.kadence-column3912_c64a89-81{position:relative;}@media all and (max-width: 1024px){.kadence-column3912_c64a89-81 > .kt-inside-inner-col{flex-direction:column;justify-content:center;}}@media all and (max-width: 767px){.kadence-column3912_c64a89-81 > .kt-inside-inner-col{flex-direction:column;justify-content:center;}}<\/style>\n<div class=\"wp-block-kadence-column kadence-column3912_c64a89-81\"><div class=\"kt-inside-inner-col\">\n<figure class=\"wp-block-table key-figures-tables\"><table><thead><tr><th><strong>Miljoonaa euroa ellei toisin mainittu<\/strong><\/th><th><strong>10\u201312\/25<\/strong><\/th><th><strong>10\u201312\/24<\/strong><\/th><th><strong>1\u201312\/25<\/strong><\/th><th><strong>1\u201312\/24<\/strong><\/th><\/tr><\/thead><tbody><tr><td><\/td><td><\/td><td><\/td><td><\/td><td><\/td><\/tr><tr><td>Liikevaihto<\/td><td>97,1<\/td><td>76,4<\/td><td>348,2<\/td><td>356,5<\/td><\/tr><tr><td>EBITDA (k\u00e4ytt\u00f6kate)<\/td><td>7,7<\/td><td>-0,3<\/td><td>15,8<\/td><td>7,6<\/td><\/tr><tr><td>% liikevaihdosta<\/td><td>8,0 %<\/td><td>-0,4 %<\/td><td>4,5 %<\/td><td>2,1 %<\/td><\/tr><tr><td>EBITA<\/td><td>3,4<\/td><td>-4,3<\/td><td>-0,8<\/td><td>-7,4<\/td><\/tr><tr><td>% liikevaihdosta<\/td><td>3,5 %<\/td><td>-5,6 %<\/td><td>-0,2 %<\/td><td>-2,1 %<\/td><\/tr><tr><td>Kertaluonteiset er\u00e4t<\/td><td>0,6<\/td><td>4,2<\/td><td>2,7<\/td><td>11,1<\/td><\/tr><tr><td>EBITDA ennen kertaluonteisia eri\u00e4<\/td><td>8,3<\/td><td>3,9<\/td><td>18,5<\/td><td>18,6<\/td><\/tr><tr><td>% liikevaihdosta<\/td><td>8,6 %<\/td><td>5,1 %<\/td><td>5,3 %<\/td><td>5,2 %<\/td><\/tr><tr><td>EBITA ennen kertaluonteisia eri\u00e4<\/td><td>4,0<\/td><td>-0,1<\/td><td>1,9<\/td><td>3,7<\/td><\/tr><tr><td>% liikevaihdosta<\/td><td>4,1 %<\/td><td>-0,1 %<\/td><td>0,5 %<\/td><td>1,0 %<\/td><\/tr><tr><td><\/td><td><\/td><td><\/td><td><\/td><td><\/td><\/tr><tr><td><strong>Taloudellinen asema<\/strong><\/td><td><\/td><td><\/td><td><\/td><td><\/td><\/tr><tr><td>Sijoitetun p\u00e4\u00e4oman tuotto % (ROCE)<\/td><td>7,0 %<\/td><td>-0,1 %<\/td><td>0,8 %<\/td><td>1,6 %<\/td><\/tr><tr><td>Omavaraisuusaste %<\/td><td>10,9 %<\/td><td>12,7 %<\/td><td>10,9 %<\/td><td>12,7 %<\/td><\/tr><tr><td>Nettovelka<\/td><td>153,9<\/td><td>150,0<\/td><td>153,9<\/td><td>150,0<\/td><\/tr><tr><td>Nettovelkaantumisaste %<\/td><td>461,9 %<\/td><td>384,9 %<\/td><td>461,9 %<\/td><td>384,9 %<\/td><\/tr><tr><td>Nettovelka \/ edellisen 12 kk k\u00e4ytt\u00f6kate (EBITDA) ennen kertaluonteisia eri\u00e4<\/td><td>8,3x<\/td><td>8,1x<\/td><td>8,3x<\/td><td>8,1x<\/td><\/tr><\/tbody><\/table><\/figure>\n<\/div><\/div>\n<\/div><\/div>\n\n<\/div><\/div>","protected":false},"excerpt":{"rendered":"<p>Avainluvut Taloudelliset tavoitteet Fortacon tavoitteena on yli 7% liikevoitto ennen kertaeri\u00e4 ja ennen aineettomien omaisuuksien poistoja sek\u00e4 yli 20% sidotun p\u00e4\u00e4oman tuotto yli markkinasyklien. Fortaco-konsernin avainluvut Pyyhk\u00e4ise vasemmalle n\u00e4hd\u00e4ksesi lis\u00e4\u00e4 Miljoonaa euroa ellei toisin mainittu 10\u201312\/25 10\u201312\/24 1\u201312\/25 1\u201312\/24 Liikevaihto 97,1 76,4 348,2 356,5 EBITDA (k\u00e4ytt\u00f6kate) 7,7 -0,3 15,8 7,6 % liikevaihdosta 8,0 % -0,4&#8230;<\/p>\n","protected":false},"author":1,"featured_media":0,"parent":0,"menu_order":0,"comment_status":"closed","ping_status":"closed","template":"","meta":{"_acf_changed":false,"_kad_blocks_custom_css":"","_kad_blocks_head_custom_js":"","_kad_blocks_body_custom_js":"","_kad_blocks_footer_custom_js":"","_monsterinsights_skip_tracking":false,"_monsterinsights_sitenote_active":false,"_monsterinsights_sitenote_note":"","_monsterinsights_sitenote_category":0,"_kad_post_transparent":"","_kad_post_title":"","_kad_post_layout":"","_kad_post_sidebar_id":"","_kad_post_content_style":"","_kad_post_vertical_padding":"","_kad_post_feature":"","_kad_post_feature_position":"","_kad_post_header":false,"_kad_post_footer":false,"_kad_post_classname":"","footnotes":""},"class_list":["post-3912","page","type-page","status-publish","hentry"],"acf":[],"taxonomy_info":[],"featured_image_src_large":false,"author_info":{"display_name":"Fortaco","author_link":"https:\/\/investors.fortacogroup.com\/fi\/author\/clariable\/"},"comment_info":"","_links":{"self":[{"href":"https:\/\/investors.fortacogroup.com\/fi\/wp-json\/wp\/v2\/pages\/3912","targetHints":{"allow":["GET"]}}],"collection":[{"href":"https:\/\/investors.fortacogroup.com\/fi\/wp-json\/wp\/v2\/pages"}],"about":[{"href":"https:\/\/investors.fortacogroup.com\/fi\/wp-json\/wp\/v2\/types\/page"}],"author":[{"embeddable":true,"href":"https:\/\/investors.fortacogroup.com\/fi\/wp-json\/wp\/v2\/users\/1"}],"replies":[{"embeddable":true,"href":"https:\/\/investors.fortacogroup.com\/fi\/wp-json\/wp\/v2\/comments?post=3912"}],"version-history":[{"count":0,"href":"https:\/\/investors.fortacogroup.com\/fi\/wp-json\/wp\/v2\/pages\/3912\/revisions"}],"wp:attachment":[{"href":"https:\/\/investors.fortacogroup.com\/fi\/wp-json\/wp\/v2\/media?parent=3912"}],"curies":[{"name":"wp","href":"https:\/\/api.w.org\/{rel}","templated":true}]}}