{"id":3908,"date":"2023-03-06T15:41:13","date_gmt":"2023-03-06T13:41:13","guid":{"rendered":"https:\/\/investors.fortacogroup.com\/whistleblowing\/"},"modified":"2023-12-28T17:10:26","modified_gmt":"2023-12-28T15:10:26","slug":"whistleblowing","status":"publish","type":"page","link":"https:\/\/investors.fortacogroup.com\/fi\/whistleblowing\/","title":{"rendered":"Whistleblowing"},"content":{"rendered":"<style>.kb-row-layout-id3908_e07c70-b3 > .kt-row-column-wrap{align-content:start;}:where(.kb-row-layout-id3908_e07c70-b3 > .kt-row-column-wrap) > .wp-block-kadence-column{justify-content:start;}.kb-row-layout-id3908_e07c70-b3 > .kt-row-column-wrap{column-gap:var(--global-kb-gap-md, 2rem);row-gap:var(--global-kb-gap-md, 2rem);max-width:var( --global-content-width, 1200px );padding-left:var(--global-content-edge-padding);padding-right:var(--global-content-edge-padding);padding-top:95px;padding-bottom:95px;grid-template-columns:minmax(0, 1fr);}.kb-row-layout-id3908_e07c70-b3{background-image:url('https:\/\/investors.fortacogroup.com\/wp-content\/uploads\/2023\/04\/fortaco-invest-sisaltokuva-2.jpg');background-size:cover;background-position:center center;background-attachment:scroll;background-repeat:no-repeat;}.kb-row-layout-id3908_e07c70-b3 > .kt-row-layout-overlay{opacity:0.30;}@media all and (max-width: 1024px){.kb-row-layout-id3908_e07c70-b3 > .kt-row-column-wrap{padding-top:95px;padding-bottom:95px;grid-template-columns:minmax(0, 1fr);}}@media all and (max-width: 767px){.kb-row-layout-id3908_e07c70-b3 > .kt-row-column-wrap{padding-top:50px;padding-bottom:50px;grid-template-columns:minmax(0, 1fr);}}<\/style><div class=\"kb-row-layout-wrap kb-row-layout-id3908_e07c70-b3 alignfull kt-row-has-bg wp-block-kadence-rowlayout\"><div class=\"kt-row-column-wrap kt-has-1-columns kt-row-layout-equal kt-tab-layout-inherit kt-mobile-layout-row kt-row-valign-top kb-theme-content-width\">\n<style>.kadence-column3908_05f6eb-83 > .kt-inside-inner-col,.kadence-column3908_05f6eb-83 > .kt-inside-inner-col:before{border-top-left-radius:0px;border-top-right-radius:0px;border-bottom-right-radius:0px;border-bottom-left-radius:0px;}.kadence-column3908_05f6eb-83 > .kt-inside-inner-col{column-gap:var(--global-kb-gap-sm, 1rem);}.kadence-column3908_05f6eb-83 > .kt-inside-inner-col{flex-direction:column;}.kadence-column3908_05f6eb-83 > .kt-inside-inner-col > .aligncenter{width:100%;}.kadence-column3908_05f6eb-83 > .kt-inside-inner-col:before{opacity:0.3;}.kadence-column3908_05f6eb-83{position:relative;}@media all and (max-width: 1024px){.kadence-column3908_05f6eb-83 > .kt-inside-inner-col{flex-direction:column;justify-content:center;}}@media all and (max-width: 767px){.kadence-column3908_05f6eb-83 > .kt-inside-inner-col{flex-direction:column;justify-content:center;}}<\/style>\n<div class=\"wp-block-kadence-column kadence-column3908_05f6eb-83\"><div class=\"kt-inside-inner-col\"><style>.wp-block-kadence-advancedheading.kt-adv-heading3908_aae0d4-fc, .wp-block-kadence-advancedheading.kt-adv-heading3908_aae0d4-fc[data-kb-block=\"kb-adv-heading3908_aae0d4-fc\"]{font-style:normal;}.wp-block-kadence-advancedheading.kt-adv-heading3908_aae0d4-fc mark.kt-highlight, .wp-block-kadence-advancedheading.kt-adv-heading3908_aae0d4-fc[data-kb-block=\"kb-adv-heading3908_aae0d4-fc\"] mark.kt-highlight{font-style:normal;color:#f76a0c;-webkit-box-decoration-break:clone;box-decoration-break:clone;padding-top:0px;padding-right:0px;padding-bottom:0px;padding-left:0px;}.wp-block-kadence-advancedheading.kt-adv-heading3908_aae0d4-fc img.kb-inline-image, .wp-block-kadence-advancedheading.kt-adv-heading3908_aae0d4-fc[data-kb-block=\"kb-adv-heading3908_aae0d4-fc\"] img.kb-inline-image{width:150px;vertical-align:baseline;}<\/style>\n<h1 class=\"kt-adv-heading3908_aae0d4-fc wp-block-kadence-advancedheading\" data-kb-block=\"kb-adv-heading3908_aae0d4-fc\">whistleblowing<\/h1>\n<\/div><\/div>\n\n<\/div><\/div>\n\n<style>.kb-row-layout-id3908_70b3b8-75 > .kt-row-column-wrap{align-content:start;}:where(.kb-row-layout-id3908_70b3b8-75 > .kt-row-column-wrap) > .wp-block-kadence-column{justify-content:start;}.kb-row-layout-id3908_70b3b8-75 > .kt-row-column-wrap{column-gap:var(--global-kb-gap-md, 2rem);row-gap:var(--global-kb-gap-md, 2rem);padding-top:115px;padding-bottom:100px;grid-template-columns:repeat(2, minmax(0, 1fr));}.kb-row-layout-id3908_70b3b8-75 > .kt-row-layout-overlay{opacity:0.30;}@media all and (max-width: 1024px){.kb-row-layout-id3908_70b3b8-75 > .kt-row-column-wrap{padding-top:100px;padding-bottom:100px;grid-template-columns:repeat(2, minmax(0, 1fr));}}@media all and (max-width: 767px){.kb-row-layout-id3908_70b3b8-75 > .kt-row-column-wrap{padding-top:50px;padding-bottom:50px;grid-template-columns:minmax(0, 1fr);}}<\/style><div class=\"kb-row-layout-wrap kb-row-layout-id3908_70b3b8-75 alignnone wp-block-kadence-rowlayout\"><div class=\"kt-row-column-wrap kt-has-2-columns kt-row-layout-equal kt-tab-layout-inherit kt-mobile-layout-row kt-row-valign-top\">\n<style>.kadence-column3908_fb3168-37 > .kt-inside-inner-col,.kadence-column3908_fb3168-37 > .kt-inside-inner-col:before{border-top-left-radius:0px;border-top-right-radius:0px;border-bottom-right-radius:0px;border-bottom-left-radius:0px;}.kadence-column3908_fb3168-37 > .kt-inside-inner-col{column-gap:var(--global-kb-gap-sm, 1rem);}.kadence-column3908_fb3168-37 > .kt-inside-inner-col{flex-direction:column;}.kadence-column3908_fb3168-37 > .kt-inside-inner-col > .aligncenter{width:100%;}.kadence-column3908_fb3168-37 > .kt-inside-inner-col:before{opacity:0.3;}.kadence-column3908_fb3168-37{position:relative;}@media all and (max-width: 1024px){.kadence-column3908_fb3168-37 > .kt-inside-inner-col{flex-direction:column;justify-content:center;}}@media all and (max-width: 767px){.kadence-column3908_fb3168-37 > .kt-inside-inner-col{flex-direction:column;justify-content:center;}}<\/style>\n<div class=\"wp-block-kadence-column kadence-column3908_fb3168-37\"><div class=\"kt-inside-inner-col\"><style>.wp-block-kadence-advancedheading.kt-adv-heading3908_fb1985-3e, .wp-block-kadence-advancedheading.kt-adv-heading3908_fb1985-3e[data-kb-block=\"kb-adv-heading3908_fb1985-3e\"]{margin-top:-10px;font-style:normal;}.wp-block-kadence-advancedheading.kt-adv-heading3908_fb1985-3e mark.kt-highlight, .wp-block-kadence-advancedheading.kt-adv-heading3908_fb1985-3e[data-kb-block=\"kb-adv-heading3908_fb1985-3e\"] mark.kt-highlight{font-style:normal;color:#f76a0c;-webkit-box-decoration-break:clone;box-decoration-break:clone;padding-top:0px;padding-right:0px;padding-bottom:0px;padding-left:0px;}.wp-block-kadence-advancedheading.kt-adv-heading3908_fb1985-3e img.kb-inline-image, .wp-block-kadence-advancedheading.kt-adv-heading3908_fb1985-3e[data-kb-block=\"kb-adv-heading3908_fb1985-3e\"] img.kb-inline-image{width:150px;vertical-align:baseline;}@media all and (max-width: 1024px){.wp-block-kadence-advancedheading.kt-adv-heading3908_fb1985-3e, .wp-block-kadence-advancedheading.kt-adv-heading3908_fb1985-3e[data-kb-block=\"kb-adv-heading3908_fb1985-3e\"]{padding-right:0px;}}<\/style>\n<h2 class=\"kt-adv-heading3908_fb1985-3e wp-block-kadence-advancedheading\" data-kb-block=\"kb-adv-heading3908_fb1985-3e\">V\u00e4\u00e4rink\u00e4yt\u00f6sep\u00e4ilyjen ilmoituskanava<\/h2>\n\n\n<style>.wp-block-kadence-advancedheading.kt-adv-heading3908_e38308-2d, .wp-block-kadence-advancedheading.kt-adv-heading3908_e38308-2d[data-kb-block=\"kb-adv-heading3908_e38308-2d\"]{font-style:normal;}.wp-block-kadence-advancedheading.kt-adv-heading3908_e38308-2d mark.kt-highlight, .wp-block-kadence-advancedheading.kt-adv-heading3908_e38308-2d[data-kb-block=\"kb-adv-heading3908_e38308-2d\"] mark.kt-highlight{font-style:normal;color:#f76a0c;-webkit-box-decoration-break:clone;box-decoration-break:clone;padding-top:0px;padding-right:0px;padding-bottom:0px;padding-left:0px;}.wp-block-kadence-advancedheading.kt-adv-heading3908_e38308-2d img.kb-inline-image, .wp-block-kadence-advancedheading.kt-adv-heading3908_e38308-2d[data-kb-block=\"kb-adv-heading3908_e38308-2d\"] img.kb-inline-image{width:150px;vertical-align:baseline;}<\/style>\n<p class=\"kt-adv-heading3908_e38308-2d wp-block-kadence-advancedheading\" data-kb-block=\"kb-adv-heading3908_e38308-2d\">Kaikki mahdolliset eettisen ohjeiston (Code of Conduct) vastaiset s\u00e4\u00e4nt\u00f6jen rikkomukset tulee est\u00e4\u00e4. Jos s\u00e4\u00e4nt\u00f6jen rikkomus kuitenkin tapahtuu, on t\u00e4st\u00e4 raportoitava ajallaan ilmoitettua kanavaa k\u00e4ytt\u00e4en. Fortacossa esihenkil\u00f6t kertovat ilmoituskanavien k\u00e4yt\u00f6st\u00e4 ty\u00f6ntekij\u00f6ille. <\/p>\n\n\n<style>.wp-block-kadence-advancedheading.kt-adv-heading3908_31c521-c1, .wp-block-kadence-advancedheading.kt-adv-heading3908_31c521-c1[data-kb-block=\"kb-adv-heading3908_31c521-c1\"]{font-style:normal;}.wp-block-kadence-advancedheading.kt-adv-heading3908_31c521-c1 mark.kt-highlight, .wp-block-kadence-advancedheading.kt-adv-heading3908_31c521-c1[data-kb-block=\"kb-adv-heading3908_31c521-c1\"] mark.kt-highlight{font-style:normal;color:#f76a0c;-webkit-box-decoration-break:clone;box-decoration-break:clone;padding-top:0px;padding-right:0px;padding-bottom:0px;padding-left:0px;}.wp-block-kadence-advancedheading.kt-adv-heading3908_31c521-c1 img.kb-inline-image, .wp-block-kadence-advancedheading.kt-adv-heading3908_31c521-c1[data-kb-block=\"kb-adv-heading3908_31c521-c1\"] img.kb-inline-image{width:150px;vertical-align:baseline;}@media all and (max-width: 767px){.wp-block-kadence-advancedheading.kt-adv-heading3908_31c521-c1, .wp-block-kadence-advancedheading.kt-adv-heading3908_31c521-c1[data-kb-block=\"kb-adv-heading3908_31c521-c1\"]{padding-right:0px;padding-bottom:0px;margin-bottom:var(--global-kb-spacing-xs, 1rem);}}<\/style>\n<p class=\"kt-adv-heading3908_31c521-c1 wp-block-kadence-advancedheading\" data-kb-block=\"kb-adv-heading3908_31c521-c1\">Jos ty\u00f6ntekij\u00e4 ep\u00e4ilee, ett\u00e4 eettisen ohjeiston s\u00e4\u00e4nt\u00f6j\u00e4 on rikottu, h\u00e4n ottaa yhteytt\u00e4 joko l\u00e4himp\u00e4\u00e4n esihenkil\u00f6\u00f6ns\u00e4, paikalliseen johtoryhm\u00e4n j\u00e4seneen tai sis\u00e4iseen tarkastukseen. Yhteydenotot k\u00e4sitell\u00e4\u00e4n luottamuksellisesti ja nimett\u00f6m\u00e4sti. <\/p>\n<\/div><\/div>\n\n\n<style>.kadence-column3908_8eb67a-a2 > .kt-inside-inner-col,.kadence-column3908_8eb67a-a2 > .kt-inside-inner-col:before{border-top-left-radius:0px;border-top-right-radius:0px;border-bottom-right-radius:0px;border-bottom-left-radius:0px;}.kadence-column3908_8eb67a-a2 > .kt-inside-inner-col{column-gap:var(--global-kb-gap-sm, 1rem);}.kadence-column3908_8eb67a-a2 > .kt-inside-inner-col{flex-direction:column;}.kadence-column3908_8eb67a-a2 > .kt-inside-inner-col > .aligncenter{width:100%;}.kadence-column3908_8eb67a-a2 > .kt-inside-inner-col:before{opacity:0.3;}.kadence-column3908_8eb67a-a2{position:relative;}@media all and (max-width: 1024px){.kadence-column3908_8eb67a-a2 > .kt-inside-inner-col{flex-direction:column;justify-content:center;}}@media all and (max-width: 767px){.kadence-column3908_8eb67a-a2 > .kt-inside-inner-col{flex-direction:column;justify-content:center;}}<\/style>\n<div class=\"wp-block-kadence-column kadence-column3908_8eb67a-a2\"><div class=\"kt-inside-inner-col\"><style>.kb-image3908_04e245-67 .kb-image-has-overlay:after{opacity:0.3;}<\/style>\n<figure class=\"wp-block-kadence-image kb-image3908_04e245-67 size-large\"><img loading=\"lazy\" decoding=\"async\" width=\"1024\" height=\"1024\" src=\"https:\/\/investors.fortacogroup.com\/wp-content\/uploads\/2023\/05\/Fortaco-whistleblowing-encouraged-1024x1024.jpeg\" alt=\"Vesipullo kannettavan tietokoneen ja hiiren vieress\u00e4.\" class=\"kb-img wp-image-3567\" srcset=\"https:\/\/investors.fortacogroup.com\/wp-content\/uploads\/2023\/05\/Fortaco-whistleblowing-encouraged-1024x1024.jpeg 1024w, https:\/\/investors.fortacogroup.com\/wp-content\/uploads\/2023\/05\/Fortaco-whistleblowing-encouraged-300x300.jpeg 300w, https:\/\/investors.fortacogroup.com\/wp-content\/uploads\/2023\/05\/Fortaco-whistleblowing-encouraged-150x150.jpeg 150w, https:\/\/investors.fortacogroup.com\/wp-content\/uploads\/2023\/05\/Fortaco-whistleblowing-encouraged-768x768.jpeg 768w, https:\/\/investors.fortacogroup.com\/wp-content\/uploads\/2023\/05\/Fortaco-whistleblowing-encouraged.jpeg 1500w\" sizes=\"auto, (max-width: 1024px) 100vw, 1024px\" \/><\/figure>\n<\/div><\/div>\n\n<\/div><\/div>\n\n<style>.kb-row-layout-id3908_924983-46 > .kt-row-column-wrap{align-content:start;}:where(.kb-row-layout-id3908_924983-46 > .kt-row-column-wrap) > .wp-block-kadence-column{justify-content:start;}.kb-row-layout-id3908_924983-46 > .kt-row-column-wrap{column-gap:var(--global-kb-gap-md, 2rem);row-gap:var(--global-kb-gap-md, 2rem);padding-top:0px;padding-bottom:100px;grid-template-columns:minmax(0, calc(30% - ((var(--global-kb-gap-md, 2rem) * 1 )\/2)))minmax(0, calc(70% - ((var(--global-kb-gap-md, 2rem) * 1 )\/2)));}.kb-row-layout-id3908_924983-46 > .kt-row-layout-overlay{opacity:0.30;}@media all and (max-width: 1024px){.kb-row-layout-id3908_924983-46 > .kt-row-column-wrap{grid-template-columns:minmax(0, 1fr) minmax(0, 2fr);}}@media all and (max-width: 767px){.kb-row-layout-wrap.wp-block-kadence-rowlayout.kb-row-layout-id3908_924983-46{margin-bottom:0px;}.kb-row-layout-id3908_924983-46 > .kt-row-column-wrap{column-gap:8px;row-gap:8px;padding-bottom:30px;grid-template-columns:minmax(0, 1fr);}}<\/style><div class=\"kb-row-layout-wrap kb-row-layout-id3908_924983-46 alignnone wp-block-kadence-rowlayout\"><div class=\"kt-row-column-wrap kt-has-2-columns kt-row-layout-right-golden kt-tab-layout-inherit kt-mobile-layout-row kt-row-valign-top\">\n<style>.kadence-column3908_aef755-ea > .kt-inside-inner-col,.kadence-column3908_aef755-ea > .kt-inside-inner-col:before{border-top-left-radius:0px;border-top-right-radius:0px;border-bottom-right-radius:0px;border-bottom-left-radius:0px;}.kadence-column3908_aef755-ea > .kt-inside-inner-col{column-gap:var(--global-kb-gap-sm, 1rem);}.kadence-column3908_aef755-ea > .kt-inside-inner-col{flex-direction:column;}.kadence-column3908_aef755-ea > .kt-inside-inner-col > .aligncenter{width:100%;}.kadence-column3908_aef755-ea > .kt-inside-inner-col:before{opacity:0.3;}.kadence-column3908_aef755-ea{position:relative;}@media all and (max-width: 1024px){.kadence-column3908_aef755-ea > .kt-inside-inner-col{flex-direction:column;justify-content:center;}}@media all and (max-width: 767px){.kadence-column3908_aef755-ea > .kt-inside-inner-col{flex-direction:column;justify-content:center;}}<\/style>\n<div class=\"wp-block-kadence-column kadence-column3908_aef755-ea\"><div class=\"kt-inside-inner-col\"><style>.wp-block-kadence-advancedheading.kt-adv-heading3908_e8425a-03, .wp-block-kadence-advancedheading.kt-adv-heading3908_e8425a-03[data-kb-block=\"kb-adv-heading3908_e8425a-03\"]{max-width:780px;padding-right:var(--global-kb-spacing-3xl, 6.5rem);margin-bottom:60px;font-style:normal;}.wp-block-kadence-advancedheading.kt-adv-heading3908_e8425a-03 mark.kt-highlight, .wp-block-kadence-advancedheading.kt-adv-heading3908_e8425a-03[data-kb-block=\"kb-adv-heading3908_e8425a-03\"] mark.kt-highlight{font-style:normal;color:#f76a0c;-webkit-box-decoration-break:clone;box-decoration-break:clone;padding-top:0px;padding-right:0px;padding-bottom:0px;padding-left:0px;}.wp-block-kadence-advancedheading.kt-adv-heading3908_e8425a-03 img.kb-inline-image, .wp-block-kadence-advancedheading.kt-adv-heading3908_e8425a-03[data-kb-block=\"kb-adv-heading3908_e8425a-03\"] img.kb-inline-image{width:150px;vertical-align:baseline;}@media all and (max-width: 1024px){.wp-block-kadence-advancedheading.kt-adv-heading3908_e8425a-03, .wp-block-kadence-advancedheading.kt-adv-heading3908_e8425a-03[data-kb-block=\"kb-adv-heading3908_e8425a-03\"]{padding-right:0px;}}@media all and (max-width: 767px){.wp-block-kadence-advancedheading.kt-adv-heading3908_e8425a-03, .wp-block-kadence-advancedheading.kt-adv-heading3908_e8425a-03[data-kb-block=\"kb-adv-heading3908_e8425a-03\"]{margin-bottom:10px;}}<\/style>\n<h3 class=\"kt-adv-heading3908_e8425a-03 wp-block-kadence-advancedheading\" data-kb-block=\"kb-adv-heading3908_e8425a-03\">Eettisen ohjeiston noudattaminen<\/h3>\n<\/div><\/div>\n\n\n<style>.kadence-column3908_8bccce-51 > .kt-inside-inner-col,.kadence-column3908_8bccce-51 > .kt-inside-inner-col:before{border-top-left-radius:0px;border-top-right-radius:0px;border-bottom-right-radius:0px;border-bottom-left-radius:0px;}.kadence-column3908_8bccce-51 > .kt-inside-inner-col{column-gap:var(--global-kb-gap-sm, 1rem);}.kadence-column3908_8bccce-51 > .kt-inside-inner-col{flex-direction:column;}.kadence-column3908_8bccce-51 > .kt-inside-inner-col > .aligncenter{width:100%;}.kadence-column3908_8bccce-51 > .kt-inside-inner-col:before{opacity:0.3;}.kadence-column3908_8bccce-51{position:relative;}@media all and (max-width: 1024px){.kadence-column3908_8bccce-51 > .kt-inside-inner-col{flex-direction:column;justify-content:center;}}@media all and (max-width: 767px){.kadence-column3908_8bccce-51 > .kt-inside-inner-col{flex-direction:column;justify-content:center;}}<\/style>\n<div class=\"wp-block-kadence-column kadence-column3908_8bccce-51\"><div class=\"kt-inside-inner-col\"><style>.wp-block-kadence-advancedheading.kt-adv-heading3908_08166e-e4, .wp-block-kadence-advancedheading.kt-adv-heading3908_08166e-e4[data-kb-block=\"kb-adv-heading3908_08166e-e4\"]{margin-bottom:30px;font-style:normal;}.wp-block-kadence-advancedheading.kt-adv-heading3908_08166e-e4 mark.kt-highlight, .wp-block-kadence-advancedheading.kt-adv-heading3908_08166e-e4[data-kb-block=\"kb-adv-heading3908_08166e-e4\"] mark.kt-highlight{font-style:normal;color:#f76a0c;-webkit-box-decoration-break:clone;box-decoration-break:clone;padding-top:0px;padding-right:0px;padding-bottom:0px;padding-left:0px;}.wp-block-kadence-advancedheading.kt-adv-heading3908_08166e-e4 img.kb-inline-image, .wp-block-kadence-advancedheading.kt-adv-heading3908_08166e-e4[data-kb-block=\"kb-adv-heading3908_08166e-e4\"] img.kb-inline-image{width:150px;vertical-align:baseline;}@media all and (max-width: 767px){.wp-block-kadence-advancedheading.kt-adv-heading3908_08166e-e4, .wp-block-kadence-advancedheading.kt-adv-heading3908_08166e-e4[data-kb-block=\"kb-adv-heading3908_08166e-e4\"]{margin-bottom:var(--global-kb-spacing-xs, 1rem);}}<\/style>\n<p class=\"kt-adv-heading3908_08166e-e4 wp-block-kadence-advancedheading\" data-kb-block=\"kb-adv-heading3908_08166e-e4\">Kaikki yhteydenotot tarkistetaan perustuen vaatimusten mukaiseen prosessiin. Kaikki hyv\u00e4ss\u00e4 uskossa esitetyt v\u00e4itteet eettisen ohjeiston mahdollisesta rikkomuksesta tutkitaan kattavasti ja oikeudenmukaisesti. Eettisen ohjeiston vastaiset teot oikaistaan viipym\u00e4tt\u00e4 ja niist\u00e4 voidaan m\u00e4\u00e4r\u00e4t\u00e4 kurinpidollisia toimenpiteit\u00e4 sovellettavan lains\u00e4\u00e4d\u00e4nn\u00f6n mukaisesti. Rikollinen toiminta saattaa johtaa my\u00f6s syytteeseen.<\/p>\n<\/div><\/div>\n\n<\/div><\/div>","protected":false},"excerpt":{"rendered":"<p>whistleblowing V\u00e4\u00e4rink\u00e4yt\u00f6sep\u00e4ilyjen ilmoituskanava Kaikki mahdolliset eettisen ohjeiston (Code of Conduct) vastaiset s\u00e4\u00e4nt\u00f6jen rikkomukset tulee est\u00e4\u00e4. Jos s\u00e4\u00e4nt\u00f6jen rikkomus kuitenkin tapahtuu, on t\u00e4st\u00e4 raportoitava ajallaan ilmoitettua kanavaa k\u00e4ytt\u00e4en. Fortacossa esihenkil\u00f6t kertovat ilmoituskanavien k\u00e4yt\u00f6st\u00e4 ty\u00f6ntekij\u00f6ille. Jos ty\u00f6ntekij\u00e4 ep\u00e4ilee, ett\u00e4 eettisen ohjeiston s\u00e4\u00e4nt\u00f6j\u00e4 on rikottu, h\u00e4n ottaa yhteytt\u00e4 joko l\u00e4himp\u00e4\u00e4n esihenkil\u00f6\u00f6ns\u00e4, paikalliseen johtoryhm\u00e4n j\u00e4seneen tai sis\u00e4iseen tarkastukseen. Yhteydenotot&#8230;<\/p>\n","protected":false},"author":1,"featured_media":0,"parent":0,"menu_order":0,"comment_status":"closed","ping_status":"closed","template":"","meta":{"_acf_changed":false,"_kad_blocks_custom_css":"","_kad_blocks_head_custom_js":"","_kad_blocks_body_custom_js":"","_kad_blocks_footer_custom_js":"","_monsterinsights_skip_tracking":false,"_monsterinsights_sitenote_active":false,"_monsterinsights_sitenote_note":"","_monsterinsights_sitenote_category":0,"_kad_post_transparent":"","_kad_post_title":"","_kad_post_layout":"","_kad_post_sidebar_id":"","_kad_post_content_style":"","_kad_post_vertical_padding":"","_kad_post_feature":"","_kad_post_feature_position":"","_kad_post_header":false,"_kad_post_footer":false,"_kad_post_classname":"","footnotes":""},"class_list":["post-3908","page","type-page","status-publish","hentry"],"acf":[],"taxonomy_info":[],"featured_image_src_large":false,"author_info":{"display_name":"Fortaco","author_link":"https:\/\/investors.fortacogroup.com\/fi\/author\/clariable\/"},"comment_info":"","_links":{"self":[{"href":"https:\/\/investors.fortacogroup.com\/fi\/wp-json\/wp\/v2\/pages\/3908","targetHints":{"allow":["GET"]}}],"collection":[{"href":"https:\/\/investors.fortacogroup.com\/fi\/wp-json\/wp\/v2\/pages"}],"about":[{"href":"https:\/\/investors.fortacogroup.com\/fi\/wp-json\/wp\/v2\/types\/page"}],"author":[{"embeddable":true,"href":"https:\/\/investors.fortacogroup.com\/fi\/wp-json\/wp\/v2\/users\/1"}],"replies":[{"embeddable":true,"href":"https:\/\/investors.fortacogroup.com\/fi\/wp-json\/wp\/v2\/comments?post=3908"}],"version-history":[{"count":0,"href":"https:\/\/investors.fortacogroup.com\/fi\/wp-json\/wp\/v2\/pages\/3908\/revisions"}],"wp:attachment":[{"href":"https:\/\/investors.fortacogroup.com\/fi\/wp-json\/wp\/v2\/media?parent=3908"}],"curies":[{"name":"wp","href":"https:\/\/api.w.org\/{rel}","templated":true}]}}