{"id":2787,"date":"2023-03-06T15:43:53","date_gmt":"2023-03-06T13:43:53","guid":{"rendered":"https:\/\/investors.fortacogroup.com\/porssitiedotteet\/"},"modified":"2023-11-23T23:35:58","modified_gmt":"2023-11-23T21:35:58","slug":"stock-exchange-releases","status":"publish","type":"page","link":"https:\/\/investors.fortacogroup.com\/fi\/stock-exchange-releases\/","title":{"rendered":"P\u00f6rssitiedotteet"},"content":{"rendered":"<style>.kb-row-layout-id2787_b0c6e8-98 > .kt-row-column-wrap{align-content:start;}:where(.kb-row-layout-id2787_b0c6e8-98 > .kt-row-column-wrap) > .wp-block-kadence-column{justify-content:start;}.kb-row-layout-id2787_b0c6e8-98 > .kt-row-column-wrap{column-gap:var(--global-kb-gap-md, 2rem);row-gap:var(--global-kb-gap-md, 2rem);max-width:var( --global-content-width, 1200px );padding-left:var(--global-content-edge-padding);padding-right:var(--global-content-edge-padding);padding-top:var(--global-kb-spacing-sm, 1.5rem);padding-bottom:var(--global-kb-spacing-sm, 1.5rem);grid-template-columns:minmax(0, 1fr);}.kb-row-layout-id2787_b0c6e8-98 > .kt-row-layout-overlay{opacity:0.30;}@media all and (max-width: 1024px){.kb-row-layout-id2787_b0c6e8-98 > .kt-row-column-wrap{grid-template-columns:minmax(0, 1fr);}}@media all and (max-width: 767px){.kb-row-layout-id2787_b0c6e8-98 > .kt-row-column-wrap{grid-template-columns:minmax(0, 1fr);}}<\/style><div class=\"kb-row-layout-wrap kb-row-layout-id2787_b0c6e8-98 alignfull wp-block-kadence-rowlayout\"><div class=\"kt-row-column-wrap kt-has-1-columns kt-row-layout-equal kt-tab-layout-inherit kt-mobile-layout-row kt-row-valign-top kb-theme-content-width\">\n<style>.kadence-column2787_74156d-ec > .kt-inside-inner-col{padding-top:120px;padding-right:500px;padding-bottom:95px;padding-left:0px;}.kadence-column2787_74156d-ec > .kt-inside-inner-col,.kadence-column2787_74156d-ec > .kt-inside-inner-col:before{border-top-left-radius:0px;border-top-right-radius:0px;border-bottom-right-radius:0px;border-bottom-left-radius:0px;}.kadence-column2787_74156d-ec > .kt-inside-inner-col{column-gap:var(--global-kb-gap-sm, 1rem);}.kadence-column2787_74156d-ec > .kt-inside-inner-col{flex-direction:column;}.kadence-column2787_74156d-ec > .kt-inside-inner-col > .aligncenter{width:100%;}.kadence-column2787_74156d-ec > .kt-inside-inner-col:before{opacity:0.3;}.kadence-column2787_74156d-ec{position:relative;}@media all and (max-width: 1024px){.kadence-column2787_74156d-ec > .kt-inside-inner-col{padding-right:250px;flex-direction:column;justify-content:center;}}@media all and (max-width: 767px){.kadence-column2787_74156d-ec > .kt-inside-inner-col{padding-top:25px;padding-right:0px;padding-bottom:15px;flex-direction:column;justify-content:center;}}<\/style>\n<div class=\"wp-block-kadence-column kadence-column2787_74156d-ec\"><div class=\"kt-inside-inner-col\"><style>.wp-block-kadence-advancedheading.kt-adv-heading2787_ea9137-3c, .wp-block-kadence-advancedheading.kt-adv-heading2787_ea9137-3c[data-kb-block=\"kb-adv-heading2787_ea9137-3c\"]{padding-bottom:var(--global-kb-spacing-sm, 1.5rem);font-weight:700;font-style:normal;font-family:Poppins;}.wp-block-kadence-advancedheading.kt-adv-heading2787_ea9137-3c mark.kt-highlight, .wp-block-kadence-advancedheading.kt-adv-heading2787_ea9137-3c[data-kb-block=\"kb-adv-heading2787_ea9137-3c\"] mark.kt-highlight{font-style:normal;color:#f76a0c;-webkit-box-decoration-break:clone;box-decoration-break:clone;padding-top:0px;padding-right:0px;padding-bottom:0px;padding-left:0px;}.wp-block-kadence-advancedheading.kt-adv-heading2787_ea9137-3c img.kb-inline-image, .wp-block-kadence-advancedheading.kt-adv-heading2787_ea9137-3c[data-kb-block=\"kb-adv-heading2787_ea9137-3c\"] img.kb-inline-image{width:150px;vertical-align:baseline;}<\/style>\n<h2 class=\"kt-adv-heading2787_ea9137-3c wp-block-kadence-advancedheading\" data-kb-block=\"kb-adv-heading2787_ea9137-3c\">Tilaa Fortacon tiedotteita<\/h2>\n\n\n<style>.wp-block-kadence-advancedheading.kt-adv-heading2787_efdaaa-d7, .wp-block-kadence-advancedheading.kt-adv-heading2787_efdaaa-d7[data-kb-block=\"kb-adv-heading2787_efdaaa-d7\"]{font-style:normal;}.wp-block-kadence-advancedheading.kt-adv-heading2787_efdaaa-d7 mark.kt-highlight, .wp-block-kadence-advancedheading.kt-adv-heading2787_efdaaa-d7[data-kb-block=\"kb-adv-heading2787_efdaaa-d7\"] mark.kt-highlight{font-style:normal;color:#f76a0c;-webkit-box-decoration-break:clone;box-decoration-break:clone;padding-top:0px;padding-right:0px;padding-bottom:0px;padding-left:0px;}.wp-block-kadence-advancedheading.kt-adv-heading2787_efdaaa-d7 img.kb-inline-image, .wp-block-kadence-advancedheading.kt-adv-heading2787_efdaaa-d7[data-kb-block=\"kb-adv-heading2787_efdaaa-d7\"] img.kb-inline-image{width:150px;vertical-align:baseline;}<\/style>\n<p class=\"kt-adv-heading2787_efdaaa-d7 wp-block-kadence-advancedheading has-theme-palette-3-color has-text-color\" data-kb-block=\"kb-adv-heading2787_efdaaa-d7\">Tilaa Fortacon uusimmat tiedotteet rekister\u00f6im\u00e4ll\u00e4 s\u00e4hk\u00f6postiosoitteesi alla. Voit peruuttaa tilauksen milloin tahansa.<\/p>\n\n\n\r\n<div class=\"custom-fluent-wrapper\" id=\"cff69d0116ebd8ca\">\r\n\t<script src='https:\/\/www.google.com\/recaptcha\/api.js'><\/script><div class='fluentform ff-default fluentform_wrapper_5 ffs_default_wrap'><form data-form_id=\"5\" id=\"fluentform_5\" class=\"frm-fluent-form fluent_form_5 ff-el-form-top ff_form_instance_5_1 ff-form-loading ffs_default\" data-form_instance=\"ff_form_instance_5_1\" method=\"POST\" ><fieldset  style=\"border: none!important;margin: 0!important;padding: 0!important;background-color: transparent!important;box-shadow: none!important;outline: none!important; min-inline-size: 100%;\">\n                    <legend class=\"ff_screen_reader_title\" style=\"display: block; margin: 0!important;padding: 0!important;height: 0!important;text-indent: -999999px;width: 0!important;overflow:hidden;\">Finnish subscribe form<\/legend><input type='hidden' name='__fluent_form_embded_post_id' value='2787' \/><input type=\"hidden\" id=\"_fluentform_5_fluentformnonce\" name=\"_fluentform_5_fluentformnonce\" value=\"3bfb04d5b6\" \/><input type=\"hidden\" name=\"_wp_http_referer\" value=\"\/fi\/wp-json\/wp\/v2\/pages\/2787\" \/><div class='ff-el-group ff-el-form-hide_label checkbox-wrap checkbox-1'><div class=\"ff-el-input--label ff-el-is-required asterisk-right\"><label   aria-label=\"Checkbox Field\">Checkbox Field<\/label><\/div><div class='ff-el-input--content'><div class='ff-el-form-check ff-el-form-check-'><label class='ff-el-form-check-label' for='customcategory_b0dd564d90d223835cc8a5a9d2020c00'><input  type=\"checkbox\" name=\"customcategory[]\" data-name=\"customcategory\" class=\"ff-el-form-check-input ff-el-form-check-checkbox\" value=\"43ba2d70\"  id='customcategory_b0dd564d90d223835cc8a5a9d2020c00' aria-label='Lehdist\u00f6tiedotteet' aria-invalid='false' aria-required=true> <span>Lehdist\u00f6tiedotteet<\/span><\/label><\/div><div class='ff-el-form-check ff-el-form-check-'><label class='ff-el-form-check-label' for='customcategory_2f5e1c45285d6338b18d459e64ce44c0'><input  type=\"checkbox\" name=\"customcategory[]\" data-name=\"customcategory\" class=\"ff-el-form-check-input ff-el-form-check-checkbox\" value=\"25c33862\"  id='customcategory_2f5e1c45285d6338b18d459e64ce44c0' aria-label='P\u00f6rssitiedotteet' aria-invalid='false' aria-required=true> <span>P\u00f6rssitiedotteet<\/span><\/label><\/div><\/div><\/div><div class='ff-el-group ff-el-form-hide_label checkbox-wrap checkbox-2'><div class=\"ff-el-input--label asterisk-right\"><label   aria-label=\"Checkbox Field\">Checkbox Field<\/label><\/div><div class='ff-el-input--content'><div class='ff-el-form-check ff-el-form-check-'><label class='ff-el-form-check-label' for='types_0f61658d82b51ec3cf1652967a64c19e'><input  type=\"checkbox\" name=\"types[]\" data-name=\"types\" class=\"ff-el-form-check-input ff-el-form-check-checkbox\" value=\"I accept marketing from Fortaco Group\"  id='types_0f61658d82b51ec3cf1652967a64c19e' aria-label='Hyv\u00e4ksyn markkinoinnin Fortaco Groupilta' aria-invalid='false' aria-required=false> <span>Hyv\u00e4ksyn markkinoinnin Fortaco Groupilta<\/span><\/label><\/div><\/div><\/div><div class='ff-el-group email-fin-field'><div class=\"ff-el-input--label ff-el-is-required asterisk-right\"><label for='_email' id='label__email' aria-label=\"\"> <\/label><\/div><div class='ff-el-input--content'><input type=\"email\" name=\"email\" id=\"_email\" class=\"ff-el-form-control\" placeholder=\"S\u00e4hk\u00f6posti\" data-name=\"email\"  aria-invalid=\"false\" aria-required=true><\/div><\/div><div data-type=\"name-element\" data-name=\"first_name\" class=\" ff-field_container ff-name-field-wrapper\" ><div class='ff-t-container'><div class='ff-t-cell '><div class='ff-el-group'><div class=\"ff-el-input--label ff-el-is-required asterisk-right\"><label for='_first_name_first_name_' id='label__first_name_first_name_' >Etunimi<\/label><\/div><div class='ff-el-input--content'><input type=\"text\" name=\"first_name[first_name]\" id=\"_first_name_first_name_\" class=\"ff-el-form-control\" placeholder=\"Etunimi\" aria-invalid=\"false\" aria-required=true><\/div><\/div><\/div><div class='ff-t-cell '><div class='ff-el-group'><div class=\"ff-el-input--label ff-el-is-required asterisk-right\"><label for='_first_name_last_name_' id='label__first_name_last_name_' >Sukunimi<\/label><\/div><div class='ff-el-input--content'><input type=\"text\" name=\"first_name[last_name]\" id=\"_first_name_last_name_\" class=\"ff-el-form-control\" placeholder=\"Sukunimi\" aria-invalid=\"false\" aria-required=true><\/div><\/div><\/div><\/div><\/div><div class='ff-el-group form-company company-fin-field'><div class=\"ff-el-input--label ff-el-is-required asterisk-right\"><label for='_company' id='label__company' aria-label=\"\"> <\/label><\/div><div class='ff-el-input--content'><input type=\"text\" name=\"company\" class=\"ff-el-form-control\" placeholder=\"Yritys\" data-name=\"company\" id=\"_company\"  aria-invalid=\"false\" aria-required=true><\/div><\/div><div class='ff-el-group  ff-custom_html' tabindex='-1' data-name=\"custom_html-5_1\" ><div class=\"g-recaptcha\" data-sitekey=\"6LfiL54lAAAAAGQbydYe9f7sCGdu87EgrwDYWOpX\" data-callback=\"recaptchaCallback\" data-size=\"normal\" datatheme=\"light\"><\/div><!-- data-size values \"compact\" or \"normal\", data-theme values \"light\" or \"dark\" --><\/div><div class='ff-el-group  ff-custom_html' tabindex='-1' data-name=\"custom_html-5_2\" ><p>Hyv\u00e4ksyt <a href=\"https:\/\/investors.fortacogroup.com\/fi\/privacy-policy\/\">tietosuojak\u00e4yt\u00e4nt\u00f6mme<\/a> ehdot painapalla \u201dTilaa\u201d painiketta.<\/p><\/div><div class='ff-el-group ff-text-left ff_submit_btn_wrapper'><button type=\"submit\" class=\"ff-btn ff-btn-submit ff-btn-md ff_btn_style\"  aria-label=\"Tilaa\">Tilaa<\/button><\/div><\/fieldset><input type=\"hidden\" name=\"action\" value=\"cision_subscribe_action\"><input type=\"hidden\" name=\"cision-subscribe-nonce\"\r\n\t\t       value=\"0e52f954a6\"><\/form><div id='fluentform_5_errors' class='ff-errors-in-stack ff_form_instance_5_1 ff-form-loading_errors ff_form_instance_5_1_errors'><\/div><\/div>            <script type=\"text\/javascript\">\n                window.fluent_form_ff_form_instance_5_1 = {\"id\":\"5\",\"settings\":{\"layout\":{\"labelPlacement\":\"top\",\"helpMessagePlacement\":\"with_label\",\"errorMessagePlacement\":\"inline\"},\"restrictions\":{\"denyEmptySubmission\":{\"enabled\":false}}},\"form_instance\":\"ff_form_instance_5_1\",\"form_id_selector\":\"fluentform_5\",\"rules\":{\"customcategory\":{\"required\":{\"value\":true,\"message\":\"Sinun tulisi valita v\\u00e4hint\\u00e4\\u00e4n yksi tiedote\"}},\"types\":{\"required\":{\"value\":false,\"message\":\"\"}},\"email\":{\"required\":{\"value\":true,\"message\":\"S\\u00e4hk\\u00f6posti puuttuu\"},\"email\":{\"value\":true,\"message\":\"S\\u00e4hk\\u00f6posti ei toimi\"}},\"first_name[first_name]\":{\"required\":{\"value\":true,\"message\":\"This field is required\"}},\"first_name[middle_name]\":{\"required\":{\"value\":false,\"message\":\"This field is required\"}},\"first_name[last_name]\":{\"required\":{\"value\":true,\"message\":\"This field is required\"}},\"company\":{\"required\":{\"value\":true,\"message\":\"Yritys puuttuu\"}}},\"debounce_time\":300};\n                            <\/script>\n            \t<style>\r\n\t\t.custom-fluent-wrapper [name=\"_wp_http_referer\"] + .ff-el-group.ff-el-form-hide_label.checkbox-wrap{\r\n\t\t\tmargin-bottom: 0;\r\n\t\t\tpadding-bottom: 0;\r\n\t\t}\r\n\t<\/style>\r\n\t<script>\r\n\t\t(function($){\r\n\t\t\t\r\n\t\t\twindow.recaptchaCallback = function(){\r\n\t\t\t\tvar $form = $('.custom-fluent-wrapper').find('#fluentform_' + 5);\r\n\t\t\t\tvar $captcha_row = $form.find('.g-recaptcha').closest('.ff-custom_html');\r\n\t\t\t\tif($captcha_row.length){\r\n\t\t\t\t\tif($captcha_row.find('div.error').length){\r\n\t\t\t\t\t\t$captcha_row.find('div.error').remove();\r\n\t\t\t\t\t\t$captcha_row.removeClass('.ff-el-is-error');\r\n\t\t\t\t\t}\r\n\t\t\t\t}\r\n\t\t\t}\r\n\t\t\t\r\n\t\t\tvar form_id = 5;\r\n\t\t\tvar captcha_error_message = 'This field is required';\r\n\t\t\t$(document).ready(function(){\r\n\t\t\t\tvar allow_send_form = false;\r\n\t\t\t\tvar form_obj = window.fluent_form_ff_form_instance_5_1;\r\n\t\t\t\tvar form_rules = form_obj.rules;\r\n\t\t\t\t$('.custom-fluent-wrapper').find('#fluentform_' + form_id).submit(function(){\r\n\t\t\t\t\tvar $form = $(this);\r\n\t\t\t\t\tvar is_valid = true;\r\n\t\t\t\t\tvar recapcha_response = $(this).find('#g-recaptcha-response').val();\r\n\t\t\t\t\tif(!recapcha_response){\r\n\t\t\t\t\t\tis_valid = false;\r\n\t\t\t\t\t\tvar $captcha_row = $(this).find('.g-recaptcha').closest('.ff-custom_html');\r\n\t\t\t\t\t\t$captcha_row.addClass('.ff-el-is-error');\r\n\t\t\t\t\t\tif($captcha_row.length){\r\n\t\t\t\t\t\t\t$captcha_row.addClass('ff-el-is-error');\r\n\t\t\t\t\t\t\t$captcha_row.prepend('<div class=\"error text-danger\" role=\"alert\">' + captcha_error_message + '<\/div>')\r\n\t\t\t\t\t\t}\r\n\t\t\t\t\t}\r\n                    $.each(form_rules, function(index, elm) {\r\n                        var err_message = '';\r\n                        if (elm.required) {\r\n                            var $input = $form.find('input[name=\"' + index + '\"]');\r\n                            if ($input.length) {\r\n                                var val = $input.val();\r\n\r\n                                if (!val && elm.message) {\r\n                                    err_message = elm.message;\r\n                                }\r\n                                var $parent = $input.closest('.ff-el-group');\r\n                                if ($parent.find('.ff-el-input--label').hasClass('ff-el-is-required')) {\r\n                                    $parent.addClass('ff-el-is-error');\r\n                                }\r\n\r\n                                if (elm.email !== undefined && !validateEmail(val)) {\r\n                                    err_message += elm.email.message;\r\n                                }\r\n                                if (err_message) {\r\n                                    is_valid = false;\r\n                                    $parent.find('.ff-el-input--content').append('<div class=\"error text-danger\" role=\"alert\">' + err_message + '<\/div>')\r\n                                }\r\n                            }\r\n                        }\r\n                    });\r\n                    $form.find('.ff-el-group.checkbox-1').each(function() {\r\n                        var $group = $(this);\r\n                        var $input = $group.find('input[type=\"checkbox\"]');\r\n                        if ($input.length && !$input.is(':checked')) {\r\n                            $group.addClass('ff-el-is-error');\r\n                        }\r\n                    });\r\n\t\t\t\t\tif(is_valid && !allow_send_form){\r\n                        $('.ff-el-is-error').removeClass('ff-el-is-error');\r\n                        $('.ff-el-form-control').addClass('ff-not-error');\r\n\r\n\t\t\t\t\t\tvar serialized_data = $(this).serialize();\r\n\t\t\t\t\t\t\r\n\t\t\t\t\t\t$(this).find('.ff_submit_btn_wrapper .ff-btn-submit').addClass('ff-working');\r\n\t\t\t\t\t\t$(this).find('.ff_submit_btn_wrapper .ff-btn-submit').addClass('disabled');\r\n\t\t\t\t\t\t$.ajax({\r\n\t\t\t\t\t\t\ttype: 'POST',\r\n\t\t\t\t\t\t\turl: ajax.url,\r\n\t\t\t\t\t\t\tdata: serialized_data,\r\n\t\t\t\t\t\t\tsuccess: function (res) {\r\n\t\t\t\t\t\t\t\tallow_send_form = true;\r\n                                $('.ff-el-is-error').removeClass('ff-el-is-error');\r\n                                $('.ff-el-form-control').addClass('ff-not-error');\r\n                                setTimeout(function() {\r\n                                    $('.custom-fluent-wrapper').find('.ff-el-is-error').removeClass('ff-el-is-error');\r\n                                    $('.ff-el-is-error').removeClass('ff-el-is-error');\r\n                                }, 100);\r\n\t\t\t\t\t\t\t\t$form.submit(); \/\/ Submit again\r\n\t\t\t\t\t\t\t}\r\n\t\t\t\t\t\t});\r\n\t\t\t\t\t}\r\n\t\t\t\t\t\r\n\t\t\t\t\tif(!allow_send_form){\r\n\t\t\t\t\t\treturn false;\r\n\t\t\t\t\t}\r\n\t\t\t\t});\r\n\t\t\t\t\r\n\t\t\t\t$(document).on('change', '.custom-fluent-wrapper #fluentform_' + form_id + ' input[aria-required=\"true\"]', function(){\r\n\t\t\t\t\tvar val = '';\r\n\t\t\t\t\tvar $parent = $(this).closest('.ff-el-group');\r\n\t\t\t\t\tif($parent.hasClass('ff-el-is-error')){\r\n\t\t\t\t\t\tvar is_email = $(this).attr('type') === 'email';\r\n\t\t\t\t\t\tvar is_text = $(this).attr('type') === 'text';\r\n\t\t\t\t\t\tif(val && (is_email ? validateEmail(val) : true)){\r\n\t\t\t\t\t\t\t$parent.find('.error').remove();\r\n\t\t\t\t\t\t\t$parent.removeClass('ff-el-is-error');\r\n\t\t\t\t\t\t}\r\n\t\t\t\t\t}\r\n\t\t\t\t});\r\n\t\t\t\t\r\n\t\t\t\t\r\n\t\t\t\tfunction validateEmail(email) {\r\n\t\t\t\t\treturn email\r\n\t\t\t\t\t\t.toLowerCase()\r\n\t\t\t\t\t\t.match(\r\n\t\t\t\t\t\t\t\/^(([^<>()[\\]\\\\.,;:\\s@\"]+(\\.[^<>()[\\]\\\\.,;:\\s@\"]+)*)|.(\".+\"))@((\\[[0-9]{1,3}\\.[0-9]{1,3}\\.[0-9]{1,3}\\.[0-9]{1,3}\\])|(([a-zA-Z\\-0-9]+\\.)+[a-zA-Z]{2,}))$\/\r\n\t\t\t\t\t\t);\r\n\t\t\t\t};\r\n\t\t\t});\r\n\t\t})(jQuery);\r\n\t<\/script>\r\n\t<\/div>\n<\/div><\/div>\n\n<\/div><\/div>","protected":false},"excerpt":{"rendered":"<p>Tilaa Fortacon tiedotteita Tilaa Fortacon uusimmat tiedotteet rekister\u00f6im\u00e4ll\u00e4 s\u00e4hk\u00f6postiosoitteesi alla. Voit peruuttaa tilauksen milloin tahansa.<\/p>\n","protected":false},"author":1,"featured_media":2172,"parent":0,"menu_order":0,"comment_status":"closed","ping_status":"closed","template":"templates\/template-achive-cision-all-post.php","meta":{"_acf_changed":false,"_kad_blocks_custom_css":"","_kad_blocks_head_custom_js":"","_kad_blocks_body_custom_js":"","_kad_blocks_footer_custom_js":"","_monsterinsights_skip_tracking":false,"_monsterinsights_sitenote_active":false,"_monsterinsights_sitenote_note":"","_monsterinsights_sitenote_category":0,"_kad_post_transparent":"","_kad_post_title":"","_kad_post_layout":"","_kad_post_sidebar_id":"","_kad_post_content_style":"","_kad_post_vertical_padding":"","_kad_post_feature":"","_kad_post_feature_position":"","_kad_post_header":false,"_kad_post_footer":false,"_kad_post_classname":"","footnotes":""},"class_list":["post-2787","page","type-page","status-publish","has-post-thumbnail","hentry"],"acf":[],"taxonomy_info":[],"featured_image_src_large":["https:\/\/investors.fortacogroup.com\/wp-content\/uploads\/2023\/04\/fortaco-invest-sisaltokuva-2-1024x157.jpg",1024,157,true],"author_info":{"display_name":"Fortaco","author_link":"https:\/\/investors.fortacogroup.com\/fi\/author\/clariable\/"},"comment_info":"","_links":{"self":[{"href":"https:\/\/investors.fortacogroup.com\/fi\/wp-json\/wp\/v2\/pages\/2787","targetHints":{"allow":["GET"]}}],"collection":[{"href":"https:\/\/investors.fortacogroup.com\/fi\/wp-json\/wp\/v2\/pages"}],"about":[{"href":"https:\/\/investors.fortacogroup.com\/fi\/wp-json\/wp\/v2\/types\/page"}],"author":[{"embeddable":true,"href":"https:\/\/investors.fortacogroup.com\/fi\/wp-json\/wp\/v2\/users\/1"}],"replies":[{"embeddable":true,"href":"https:\/\/investors.fortacogroup.com\/fi\/wp-json\/wp\/v2\/comments?post=2787"}],"version-history":[{"count":0,"href":"https:\/\/investors.fortacogroup.com\/fi\/wp-json\/wp\/v2\/pages\/2787\/revisions"}],"wp:featuredmedia":[{"embeddable":true,"href":"https:\/\/investors.fortacogroup.com\/fi\/wp-json\/wp\/v2\/media\/2172"}],"wp:attachment":[{"href":"https:\/\/investors.fortacogroup.com\/fi\/wp-json\/wp\/v2\/media?parent=2787"}],"curies":[{"name":"wp","href":"https:\/\/api.w.org\/{rel}","templated":true}]}}